{"id":614,"date":"2023-10-03T07:52:44","date_gmt":"2023-10-03T07:52:44","guid":{"rendered":"https:\/\/stagdokrakow.com\/?page_id=614"},"modified":"2023-12-12T13:20:19","modified_gmt":"2023-12-12T13:20:19","slug":"jak-dojechac-do-krakowa","status":"publish","type":"page","link":"https:\/\/stagdokrakow.com\/pl\/jak-dojechac-do-krakowa\/","title":{"rendered":"Jak dojecha\u0107 do Krakowa"},"content":{"rendered":"<p>Krak\u00f3w, ulubione miejsce podr\u00f3\u017cnych, szczyci si\u0119 historyczn\u0105 architektur\u0105, dynamicznym \u017cyciem nocnym i wspania\u0142ymi widokami, dzi\u0119ki czemu jego atrakcyjno\u015b\u0107 jest niezaprzeczalna. Niezale\u017cnie od tego, czy szukasz spokojnego wypoczynku, czy t\u0119tni\u0105cego \u017cyciem weekendu kawalerskiego, dotarcie do Krakowa jest \u0142atwe i bezstresowe.&nbsp;<\/p>\n\n\n\n<h1 class=\"wp-block-heading\">Lot do Krakowa<\/h1>\n\n\n\n<p>Najszybszym i najbardziej bezpo\u015brednim sposobem dotarcia do Krakowa jest podr\u00f3\u017c samolotem. <strong>Mi\u0119dzynarodowy port lotniczy Krak\u00f3w im. Jana Paw\u0142a II (KRK)<\/strong> oferuje doskona\u0142e po\u0142\u0105czenia z wieloma kluczowymi miastami europejskimi, w tym z Londynem.&nbsp;<\/p>\n\n\n\n<p><\/p>\n\n\n\n<figure class=\"wp-block-image size-large is-resized\"><img decoding=\"async\" src=\"https:\/\/stagdokrakow.com\/wp-content\/uploads\/tourist-1024x683.webp\" alt=\"Widok z ty\u0142u podr\u00f3\u017cniczki spaceruj\u0105cej po Starym Rynku w Krakowie i trzymaj\u0105cej map\u0119 turystyczn\u0105. Koncepcja podr\u00f3\u017cy i aktywnego stylu \u017cycia. Wysokiej jako\u015bci zdj\u0119cie\" class=\"wp-image-1008\" style=\"width:1450px;height:auto\"\/><figcaption class=\"wp-element-caption\">Turysta spaceruj\u0105cy po Starym Rynku w Krakowie z map\u0105.<\/figcaption><\/figure>\n\n\n\n<p>R\u00f3\u017cne linie lotnicze, od tanich opcji takich jak Ryanair i easyJet po przewo\u017anik\u00f3w oferuj\u0105cych pe\u0142en zakres us\u0142ug, takich jak British Airways, obs\u0142uguj\u0105 loty z Londynu do Krakowa.<\/p>\n\n\n\n<p>Po wyl\u0105dowaniu, <a href=\"https:\/\/stagdokrakow.com\/pl\/transfery\/\">mo\u017cemy zorganizowa\u0107 odbi\u00f3r z lotniska <\/a>i transport do miejsca zakwaterowania.<\/p>\n\n\n\n<h1 class=\"wp-block-heading\">Przeja\u017cd\u017cka malowniczym poci\u0105giem<\/h1>\n\n\n\n<p>Wspania\u0142ym i malowniczym sposobem na dotarcie do Krakowa jest podr\u00f3\u017c poci\u0105giem. Podr\u00f3\u017c oferuje <strong>spojrzenie na pi\u0119kne krajobrazy Europy <\/strong>i \u0142\u0105czy si\u0119 bezpo\u015brednio z krakowskim dworcem kolejowym, w\u0119z\u0142em komunikacyjnym z po\u0142\u0105czeniami do r\u00f3\u017cnych polskich i europejskich miast.<\/p>\n\n\n\n<p>Mo\u017cemy spotka\u0107 si\u0119 z Tob\u0105 na dworcu kolejowym w Krakowie po Twoim przyje\u017adzie i eskortowa\u0107 Ci\u0119 bezpo\u015brednio do miejsca zakwaterowania, zapewniaj\u0105c p\u0142ynne przej\u015bcie od spokojnej podr\u00f3\u017cy poci\u0105giem do t\u0119tni\u0105cej \u017cyciem atmosfery Krakowa, doskonale przygotowuj\u0105c grunt pod niezapomniany weekend kawalerski.<\/p>\n\n\n\n<h1 class=\"wp-block-heading\">Odkrywanie Krakowa<\/h1>\n\n\n\n<p>Po przyje\u017adzie do Krakowa poruszanie si\u0119 po mie\u015bcie jest \u0142atwe dzi\u0119ki wielu opcjom. Mo\u017cesz wypo\u017cyczy\u0107 samoch\u00f3d, wzi\u0105\u0107 taks\u00f3wk\u0119 lub skorzysta\u0107 z transportu publicznego. Aby unikn\u0105\u0107 zmartwie\u0144, warto skorzysta\u0107 z naszych us\u0142ug transferu.<\/p>\n\n\n\n<figure class=\"wp-block-image size-large\"><img decoding=\"async\" src=\"https:\/\/stagdokrakow.com\/wp-content\/uploads\/wawel-castle-in-krakow-poland-1024x589.webp\" alt=\"Wawel w Krakowie, Polska\" class=\"wp-image-1009\"\/><figcaption class=\"wp-element-caption\">Wawel w Krakowie, Polska<\/figcaption><\/figure>\n\n\n\n<p>Podsumowuj\u0105c, dotarcie do Krakowa jest proste i oferuje <strong>szereg opcji podr\u00f3\u017cy dostosowanych do preferencji u\u017cytkownika <\/strong>i bud\u017cet. Niezale\u017cnie od tego, czy przylecisz samolotem, czy poci\u0105giem, b\u0119dziesz gotowy, aby rozpocz\u0105\u0107 epicki weekend kawalerski w tym t\u0119tni\u0105cym \u017cyciem mie\u015bcie.<\/p>","protected":false},"excerpt":{"rendered":"<p>Krak\u00f3w, ulubione miejsce podr\u00f3\u017cnych, szczyci si\u0119 historyczn\u0105 architektur\u0105, dynamicznym \u017cyciem nocnym i wspania\u0142ymi widokami, dzi\u0119ki czemu jego atrakcyjno\u015b\u0107 jest niezaprzeczalna. Niezale\u017cnie od tego, czy szukasz spokojnego wypoczynku, czy t\u0119tni\u0105cego \u017cyciem weekendu kawalerskiego, dotarcie do Krakowa jest \u0142atwe i bezstresowe.  Lot do Krakowa Najszybsz\u0105 i najbardziej bezpo\u015bredni\u0105 drog\u0105 do Krakowa jest droga powietrzna. Mi\u0119dzynarodowe lotnisko im. Jana Paw\u0142a II w Krakowie ... <a href=\"https:\/\/stagdokrakow.com\/pl\/jak-dojechac-do-krakowa\/\">Ci\u0105g dalszy<\/a><\/p>","protected":false},"author":38,"featured_media":1013,"parent":0,"menu_order":0,"comment_status":"closed","ping_status":"closed","template":"","meta":{"_acf_changed":false,"footnotes":""},"class_list":["post-614","page","type-page","status-publish","has-post-thumbnail","hentry"],"acf":{"page_subheading":"Uncover the best routes to Krakow's vibrant party scene for your stag celebration. Choose between flying into Krakow or taking a scenic train ride to start your journey."},"_links":{"self":[{"href":"https:\/\/stagdokrakow.com\/pl\/wp-json\/wp\/v2\/pages\/614","targetHints":{"allow":["GET"]}}],"collection":[{"href":"https:\/\/stagdokrakow.com\/pl\/wp-json\/wp\/v2\/pages"}],"about":[{"href":"https:\/\/stagdokrakow.com\/pl\/wp-json\/wp\/v2\/types\/page"}],"author":[{"embeddable":true,"href":"https:\/\/stagdokrakow.com\/pl\/wp-json\/wp\/v2\/users\/38"}],"replies":[{"embeddable":true,"href":"https:\/\/stagdokrakow.com\/pl\/wp-json\/wp\/v2\/comments?post=614"}],"version-history":[{"count":6,"href":"https:\/\/stagdokrakow.com\/pl\/wp-json\/wp\/v2\/pages\/614\/revisions"}],"predecessor-version":[{"id":1010,"href":"https:\/\/stagdokrakow.com\/pl\/wp-json\/wp\/v2\/pages\/614\/revisions\/1010"}],"wp:featuredmedia":[{"embeddable":true,"href":"https:\/\/stagdokrakow.com\/pl\/wp-json\/wp\/v2\/media\/1013"}],"wp:attachment":[{"href":"https:\/\/stagdokrakow.com\/pl\/wp-json\/wp\/v2\/media?parent=614"}],"curies":[{"name":"wp","href":"https:\/\/api.w.org\/{rel}","templated":true}]}}