{"id":41,"date":"2023-01-16T13:14:25","date_gmt":"2023-01-16T13:14:25","guid":{"rendered":"https:\/\/stagdokrakow.com\/terms-of-service\/"},"modified":"2026-03-13T10:36:08","modified_gmt":"2026-03-13T10:36:08","slug":"warunki-swiadczenia-uslug","status":"publish","type":"page","link":"https:\/\/stagdokrakow.com\/pl\/warunki-swiadczenia-uslug\/","title":{"rendered":"Warunki \u015bwiadczenia us\u0142ug"},"content":{"rendered":"<p>General terms and conditions are the fundamental part of this booking agreement, concluded between Nomio d.o.o. (hereinafter referred to as \u201cCompany\u201d) and their clients. Nomio d.o.o. is an umbrella brand for a multitude of brands listed on the Europe Stag Do website. Once the Client completes the booking, it is presumed that they accept these&nbsp; General Terms and Conditions.<\/p>\n\n\n\n<p>Klient wyra\u017ca zgod\u0119 na niniejsze Warunki, zamawiaj\u0105c us\u0142ugi od Sp\u00f3\u0142ki za po\u015brednictwem strony internetowej, poczty elektronicznej, telefonu, dokonuj\u0105c p\u0142atno\u015bci bez wcze\u015bniejszego zam\u00f3wienia lub w inny spos\u00f3b.<\/p>\n\n\n\n<p>The Client is responsible for all the costs and consequences which may occur due to incorrect information they have provided when making a booking.<\/p>\n\n\n\n<p>Marka firmy i strona internetowa, a tak\u017ce wszystkie jej elementy (kod programowania, projekt, zdj\u0119cia, tekst itp.) oraz wszystkie podstrony s\u0105 w\u0142asno\u015bci\u0105 intelektualn\u0105 w\u0142a\u015bcicieli firmy i dlatego s\u0105 chronione prawami autorskimi. Wszelkie kopiowanie, wykorzystywanie lub nadu\u017cywanie marki i\/lub strony internetowej oraz jej element\u00f3w podlega post\u0119powaniu s\u0105dowemu zgodnie z lokalnym prawem.<\/p>\n\n\n\n<p>Dok\u0142adamy wszelkich stara\u0144, aby zapewni\u0107 aktualne i dok\u0142adne informacje na stronie internetowej Sp\u00f3\u0142ki. Nie mo\u017cemy jednak ponosi\u0107 odpowiedzialno\u015bci za b\u0142\u0119dy, pomini\u0119cia lub wyniki, kt\u00f3re mog\u0105 zosta\u0107 uzyskane w wyniku niew\u0142a\u015bciwego wykorzystania lub niezrozumienia tych informacji. Zastrzegamy sobie prawo do poprawiania b\u0142\u0119d\u00f3w, gdy tylko zostaniemy o nich poinformowani, a tak\u017ce, bardziej og\u00f3lnie, do modyfikowania, w dowolnym momencie, bez uprzedzenia, ca\u0142o\u015bci lub cz\u0119\u015bci strony internetowej i niniejszych Warunk\u00f3w, bez ponoszenia jakiejkolwiek odpowiedzialno\u015bci, kt\u00f3ra mo\u017ce zosta\u0107 poniesiona w wyniku tego. Zastosowanie b\u0119d\u0105 mia\u0142y najbardziej aktualne warunki w momencie wyjazdu u\u017cytkownika.<\/p>\n\n\n\n<p>Witryna mo\u017ce zawiera\u0107 \u0142\u0105cza do innych witryn, kt\u00f3rych nie jeste\u015bmy w\u0142a\u015bcicielem. W \u017caden spos\u00f3b nie mo\u017cemy by\u0107 poci\u0105gni\u0119ci do odpowiedzialno\u015bci za dostarczenie tych link\u00f3w w celu uzyskania dost\u0119pu do tych witryn i \u017ar\u00f3de\u0142 zewn\u0119trznych i nie mo\u017cemy przyj\u0105\u0107 \u017cadnej odpowiedzialno\u015bci za tre\u015bci, reklamy, produkty, us\u0142ugi lub inne materia\u0142y na lub dost\u0119pne z tych zewn\u0119trznych witryn lub \u017ar\u00f3de\u0142, kt\u00f3re nie s\u0105 zatwierdzone ani zweryfikowane przez nasz zesp\u00f3\u0142.<\/p>\n\n\n\n<p>Wszystkie zdj\u0119cia s\u0105 symboliczne.<\/p>\n\n\n\n<p>All information submitted by the Client at any time will be used only for the purpose of the Client\u2019s booking. Outside of that, it will be kept private and confidential, except when applicable by law.<\/p>\n\n\n\n<p>All information submitted by the Company (websites, promotional material, other agencies\u2019 information) are strictly informative and are subject to cancellation, change or modification due to heavy traffic, force majeure or other unforeseen circumstances.<\/p>\n\n\n\n<h2 class=\"wp-block-heading\">U\u017cywane przez nas terminy i ich obja\u015bnienia<\/h2>\n\n\n\n<p><strong>Pakiet<\/strong>&nbsp;&#8211; The entire service package the Client booked, defined as a tour, day trip, or holiday.<\/p>\n\n\n\n<p><strong>Aktywno\u015b\u0107<\/strong>&nbsp;&#8211; an individual activity or an activity inside the package.<\/p>\n\n\n\n<p><strong>100% Money-Back Guaranteed<\/strong>&nbsp;\u2013 If we can\u2019t deliver the service as promised and the Client is not satisfied, they should communicate the complaint directly to our staff in less than 24 hours after the activity. If we agree on the issue, the Client can get the money back paid for that specific activity, but not for the whole package.<\/p>\n\n\n\n<p><strong>Best Price Guarantee<\/strong>&nbsp;&#8211; We try to offer the best possible prices. In case competitors offer exactly the same activity or package at a lower rate, we would try to match their price if that&#8217;s possible. This is not applicable after the booking was confirmed.<\/p>\n\n\n\n<h2 class=\"wp-block-heading\">Rezerwacja i p\u0142atno\u015bci<\/h2>\n\n\n\n<p>If the client is booking more than 60 days in advance of the travel date for a package or activity with a total price of 500 \u20ac or more, we require the payment of a minimum 25% deposit at the time of booking confirmation and the remaining balance to be paid 60 days prior to the departure date.<\/p>\n\n\n\n<p>If the client is booking within 60 days of the departure date, full payment will be due at the time of booking confirmation.<\/p>\n\n\n\n<p>P\u0142atno\u015bci nale\u017cy dokona\u0107 w spos\u00f3b i w terminie okre\u015blonym na stronie internetowej, chyba \u017ce uzgodniono inaczej.<\/p>\n\n\n\n<p>We cannot guarantee any availability on the required date and time before the payment or deposit is finalized.<br><br>If full payment is not received 60 days prior to the departure date, we reserve the right to cancel the activity or package and deem the deposit non refundable regardless of the Client\u2019s Cancellation Insurance.<\/p>\n\n\n\n<p>If the client makes a late payment before the booking is cancelled by us, the client is obliged to pay a late fee of 19 \u20ac per day from the first day after the due date unless a different agreement has been made in writing.<\/p>\n\n\n\n<p>If the client fails to cover all payments due (including all fees if any) in full within 7 days of receiving a reminder, we reserve the right to treat the booking as cancelled by the client.<\/p>\n\n\n\n<p>Subject to the availability of chosen arrangements, we will confirm an activity or package by issuing a confirmation invoice. This invoice will be sent to the client who booked the activity or package, regardless of the amount of people in the group. The client must check the invoice carefully and contact us immediately if any information which appears on the confirmation or any other document appears to be incorrect or incomplete.<\/p>\n\n\n\n<h2 class=\"wp-block-heading\">Anulowanie i\/lub zmiany<\/h2>\n\n\n\n<p>Depending on the time of cancellation the following cancellation fees apply:<\/p>\n\n\n\n<ul class=\"wp-block-list\">\n<li>75% of the trip costs will be refunded for cancellations up to 60 days before departure.<\/li>\n\n\n\n<li>50% koszt\u00f3w podr\u00f3\u017cy zostanie zwr\u00f3cone w przypadku anulowania rezerwacji na 31-60 dni przed wylotem.<\/li>\n\n\n\n<li>\u017badna cz\u0119\u015b\u0107 (0%) koszt\u00f3w podr\u00f3\u017cy nie zostanie zwr\u00f3cona w przypadku anulowania rezerwacji z wyprzedzeniem kr\u00f3tszym ni\u017c 30 dni przed odlotem lub niepojawienia si\u0119 na miejscu.<\/li>\n<\/ul>\n\n\n\n<p>For cancelled reservations we can apply your cancellation penalties to a future reservation. This credit will be valid for travel within one year of the cancellation date.<\/p>\n\n\n\n<p>Rezerwacja dokonana przez Klienta jest obowi\u0105zkowa i dlatego Klient mo\u017ce anulowa\u0107 swoj\u0105 rezerwacj\u0119 wy\u0142\u0105cznie zgodnie z niniejszymi Og\u00f3lnymi Warunkami.<\/p>\n\n\n\n<p>If the payment was made online or by credit card or via a payment link, we reserve the right to keep a 5% processing fee in case of refunding a cancellation made by the Client.<\/p>\n\n\n\n<p>Chocia\u017c jest to ma\u0142o prawdopodobne, nasze us\u0142ugi mog\u0105 zosta\u0107 odwo\u0142ane lub zmienione przez Sp\u00f3\u0142k\u0119 z powodu braku minimalnej liczby uczestnik\u00f3w lub innych nieprzewidzianych okoliczno\u015bci. Sp\u00f3\u0142ka zastrzega sobie prawo do odwo\u0142ania lub zmiany wycieczek. W przypadku odwo\u0142ania lub zmiany jednej z naszych us\u0142ug, u\u017cytkownik zostanie o tym powiadomiony tak szybko, jak to mo\u017cliwe.<\/p>\n\n\n\n<p>The Company reserves the right to cancel, change or modify any facilities without notice, including changing or altering venues, routes and prices. In the event of a change, the Company will endeavour to substitute alternative arrangements of comparable monetary value without compensation and accepts no liability for loss of enjoyment as a result of these changes. All this is done for the best possible experience of our clients.<\/p>\n\n\n\n<p>Je\u015bli u\u017cytkownik nie b\u0119dzie m\u00f3g\u0142 wzi\u0105\u0107 udzia\u0142u w wycieczce lub aktywno\u015bci lub je\u015bli nie b\u0119dziemy w stanie zaoferowa\u0107 wycieczki lub aktywno\u015bci z powodu okoliczno\u015bci pozostaj\u0105cych poza nasz\u0105 kontrol\u0105 lub zdarzenia si\u0142y wy\u017cszej, Sp\u00f3\u0142ka nie ponosi odpowiedzialno\u015bci za anulowanie, a u\u017cytkownik nie b\u0119dzie uprawniony do \u017cadnych zwrot\u00f3w.<\/p>\n\n\n\n<p>Gdy wycieczka\/aktywno\u015b\u0107 jest ju\u017c w toku, Sp\u00f3\u0142ka nie oferuje \u017cadnych zwrot\u00f3w, je\u015bli nasz personel stwierdzi, \u017ce warunki nie pozwalaj\u0105 na bezpieczn\u0105 kontynuacj\u0119 w przypadku ekstremalnych warunk\u00f3w pogodowych lub jakiejkolwiek innej si\u0142y wy\u017cszej.<\/p>\n\n\n\n<p>Niekt\u00f3re atrakcje i zabytki na wycieczkach s\u0105 uzale\u017cnione od pogody i godzin otwarcia, dlatego Sp\u00f3\u0142ka zastrzega sobie prawo do zmiany programu wycieczki (planu podr\u00f3\u017cy), ale postara si\u0119 poinformowa\u0107 Klienta o zmianie tak szybko, jak to mo\u017cliwe.<\/p>\n\n\n\n<p>If the Client fails to have proper gear which is required for a certain tour\/activity, the Company or their representative reserves the right to refuse the Client\u2019s participation in the tour\/activity, without a chance of refund.<\/p>\n\n\n\n<p>Przed potwierdzeniem rezerwacji Klient mo\u017ce bezp\u0142atnie dokona\u0107 zmian w rezerwacji. Postaramy si\u0119 uwzgl\u0119dni\u0107 zmiany i dodatkowe \u017cyczenia po potwierdzeniu rezerwacji, jednak nie mo\u017cemy zagwarantowa\u0107 dost\u0119pno\u015bci. Firma zastrzega sobie prawo do naliczenia dodatkowej op\u0142aty w przypadku jakichkolwiek zmian w rezerwacji po dokonaniu wp\u0142aty.<\/p>\n\n\n\n<p>Your package content, services and price are included in the final offer. The final offer stands as a confirmation statement of selected services and is a part of the Company\u2019s contract with the Client. The package price does not include (unless agreed otherwise):<\/p>\n\n\n\n<ul class=\"wp-block-list\">\n<li>opcjonalne (nieobowi\u0105zkowe\/dodatkowe) wycieczki i wizyty,<\/li>\n\n\n\n<li>ewentualne koszty uzyskania i wydania wiz,<\/li>\n\n\n\n<li>jedzenie i napoje oraz inne dodatkowe us\u0142ugi,<\/li>\n\n\n\n<li>ubezpieczenie podr\u00f3\u017cne,<\/li>\n\n\n\n<li>wszelkie inne us\u0142ugi niewymienione w ofercie.<\/li>\n<\/ul>\n\n\n\n<p>Wszystkie rodzaje us\u0142ug specjalnych na miejscu (sypialnia jednoosobowa w ostatniej chwili, specjalna dieta itp.) s\u0105 op\u0142acane przez Klienta i musz\u0105 zosta\u0107 zam\u00f3wione podczas rezerwacji. Je\u015bli Klient poprosi o specjaln\u0105 us\u0142ug\u0119 podczas wycieczki\/aktywno\u015bci, zap\u0142aci za ni\u0105 bezpo\u015brednio przewodnikowi lub przedstawicielowi Sp\u00f3\u0142ki w walucie danego kraju. Zastrzegamy sobie prawo do podwy\u017cszenia ceny i prawo do anulowania rezerwacji.<\/p>\n\n\n\n<p>Wszystkie ceny podane s\u0105 w \u20ac (euro), o ile nie zaznaczono inaczej.<\/p>\n\n\n\n<p>Sp\u00f3\u0142ka mo\u017ce za\u017c\u0105da\u0107 podwy\u017cszenia ceny umownej w przypadku, gdy po zawarciu umowy wyst\u0105pi\u0105 nast\u0119puj\u0105ce okoliczno\u015bci:<\/p>\n\n\n\n<ul class=\"wp-block-list\">\n<li>Zmiana kursu wymiany w stosunku do daty publikacji programu,<\/li>\n\n\n\n<li>Zmiana koszt\u00f3w transportu (paliwo, op\u0142aty drogowe itp.),<\/li>\n\n\n\n<li>A change in hotels or carriers\u2019 fees.<\/li>\n<\/ul>\n\n\n\n<p>The Company can inform customers of the change verbally or in writing. The Client may cancel the tour free of charge if the changed price is more than 10% higher, at the latest within 48 hours after the notice. If the customer fails to cancel the tour within the stated term, it shall be deemed that they agree to the changed price. The published prices are the result of the Company\u2019s contract with suppliers\/partners and they may not correspond to the prices stated on the spot, at the Client\u2019s destination.<\/p>\n\n\n\n<p>Je\u015bli Klient sp\u00f3\u017ani si\u0119 na zaj\u0119cia, zawsze postaramy si\u0119 zapewni\u0107 mu zaj\u0119cia p\u00f3\u017aniej ni\u017c pierwotnie planowano, ale je\u015bli nie b\u0119dzie to mo\u017cliwe, nie przys\u0142uguje mu zwrot koszt\u00f3w. Je\u015bli wiesz, \u017ce si\u0119 sp\u00f3\u017anisz, poinformuj nas o tym jak najszybciej.<\/p>\n\n\n\n<p>Je\u015bli z jakiegokolwiek powodu chcesz zako\u0144czy\u0107 jak\u0105kolwiek aktywno\u015b\u0107 wcze\u015bniej, nie przys\u0142uguje Ci zwrot pieni\u0119dzy ani \u017cadna zni\u017cka.<\/p>\n\n\n\n<p>Sp\u00f3\u0142ka zastrzega sobie bezwzgl\u0119dne prawo do odrzucenia rezerwacji wed\u0142ug w\u0142asnego uznania z dowolnego powodu i w dowolnym momencie. Klienci zgadzaj\u0105 si\u0119 zaakceptowa\u0107 autorytet i decyzje naszych pracownik\u00f3w, przewodnik\u00f3w i podmiot\u00f3w stowarzyszonych.<\/p>\n\n\n\n<p>Sp\u00f3\u0142ka zastrzega sobie prawo do odwo\u0142ania wycieczki lub zaj\u0119\u0107 w dowolnych okoliczno\u015bciach, ale do\u0142o\u017cy wszelkich stara\u0144, aby tego unikn\u0105\u0107, chyba \u017ce jest to absolutnie konieczne.<\/p>\n\n\n\n<p>The Company is not accountable for any other bookings made by the Client with other providers, such as tours, transfers, flights, etc. If in the event of a changed itinerary, the Company does not guarantee any time of tour departure or arrival.<\/p>\n\n\n\n<p><strong>Podstawowe ubezpieczenie od koszt\u00f3w rezygnacji<\/strong><\/p>\n\n\n\n<p>The client can buy Cancellation Insurance upon booking as a guarantee that covers the total price of the activity or package which includes most service fees and charges. The client gets a full refund in case of cancellation due to unforeseen circumstances.<\/p>\n\n\n\n<p>Ubezpieczenie od koszt\u00f3w rezygnacji obejmuje nast\u0119puj\u0105ce elementy:<br>Illness &#8211; A physical or mental condition confirmed by a doctor that prevents you from attending the booked package.<br>Injury &#8211; A bodily injury confirmed by a doctor that prevents you from attending the booked package.<br>Death &#8211; or death of your close relatives.<\/p>\n\n\n\n<p>The condition for a refund is written cancellation within 48 hours after the reason for the cancellation occurs. The client who has purchased Cancellation Insurance can cancel at the latest 72 hours before the start of activity or package to be eligible for a refund.<\/p>\n\n\n\n<p>Wymagane dokumenty nale\u017cy dostarczy\u0107 w ci\u0105gu 15 dni od anulowania rezerwacji. Po otrzymaniu kompletnej dokumentacji i potwierdzeniu jej wa\u017cno\u015bci zwr\u00f3cimy pieni\u0105dze w ci\u0105gu 90 dni.<\/p>\n\n\n\n<p>Documentation should include a valid certificate of inability to travel, from which it is clear that the client was not able to travel on dates for which the activity or package was booked.<\/p>\n\n\n\n<p>In groups of 5 or more that are not members of the same family, maximum 30% of the group members are eligible to get the money back &#8211; for example if the group consists of 10 people, max 3 people can get the refund.<\/p>\n\n\n\n<p>Niedotrzymanie termin\u00f3w p\u0142atno\u015bci bez powiadomienia nie jest obj\u0119te ubezpieczeniem od rezygnacji.<\/p>\n\n\n\n<p>We don\u2019t refund costs of Cancellation Insurance and payment fees.<\/p>\n\n\n\n<p><br><strong>Premium Cancellation Insurance &#8211; Cancel for any reason (CFAR) Insurance<\/strong><\/p>\n\n\n\n<p>The client can buy CFAR Insurance as a guarantee that covers the total price of the activity or package which includes most service fees and charges. The client gets a refund in case of cancellation for any reason, the amount depending on the time frame of the cancellation.<\/p>\n\n\n\n<p>The condition for a refund is written cancellation 72 hours before the start of activity or package.<\/p>\n\n\n\n<p>30% of accommodation costs are non-refundable if cancelled less than 45 days before the start of the package.<\/p>\n\n\n\n<p>We don\u2019t refund costs of CFAR Insurance and payment fees.<\/p>\n\n\n\n<p><strong>COVID-19 \/ Zwrot z tytu\u0142u nadzwyczajnych okoliczno\u015bci<\/strong><\/p>\n\n\n\n<p>In the event of the government closing borders or any other official restrictions that prevent travel to Slovenia on your chosen dates, we offer either a date change free of charge or a refund (except for minimum administrative costs, credit card fees and possible penalty fees from the accommodation providers &#8211; no more than 30% of the accommodation price). In case of a date change, we reserve the right to adjust the booking price according to a potential price change of any part of the Client\u2019s offer.<\/p>\n\n\n\n<h2 class=\"wp-block-heading\">Bezpiecze\u0144stwo i prywatno\u015b\u0107<\/h2>\n\n\n\n<p>All clients are responsible for their own safety and well-being. We don\u2019t encourage any of our clients to engage in any dangerous activity or to drink excessively. The Company cannot accept any responsibility if the Client for example drinks too much or engages in dangerous activities and suffers injury, illness, death, loss or damage as a result.<\/p>\n\n\n\n<p>All clients should thoroughly evaluate their physical capabilities and mental capacities for participation in tours by the Company before their booking. In case of incapability, the Company can deny the Client\u2019s participation.<\/p>\n\n\n\n<p>All venue partners (including activities, bars, restaurants, clubs, accommodations&#8230;) reserve the right to refuse the Client\u2019s entry or remove them from activities\/venues due to various reasons such as the Client being drunk, disorderly, aggressive, abusive or practicing any anti-social behavior. The Company accepts no liability in mentioned events and refunds are not possible in such circumstances.<\/p>\n\n\n\n<p>Some programs include alcohol consumption and are suitable only for participants aged 18 years or older. Proof of age must be provided at the time of participation. As proof of age, we only accept official identification such as Passport, driver\u2019s license and other proof of age (18 plus) cards. Unacceptable identification includes photocopies, student cards and other non-government-issued identification.<\/p>\n\n\n\n<p>By making a booking every client agrees that the Company has the right to publish all the photos and videos that were made during the program (the photos and videos could include every client) in promotional and commercial intentions. If the Client does not agree, they should state that before the beginning of a tour\/activity.<\/p>\n\n\n\n<p>We encourage all clients to purchase Travel Insurance to protect their financial investment.<\/p>\n\n\n\n<h2 class=\"wp-block-heading\">Skargi<\/h2>\n\n\n\n<p>Je\u015bli klient ma skarg\u0119, musi natychmiast zwr\u00f3ci\u0107 na ni\u0105 uwag\u0119 przewodnika lub agenta rezerwacji. W ten spos\u00f3b nasz zesp\u00f3\u0142 ma szans\u0119 naprawi\u0107 sytuacj\u0119 po ocenie reklamacji. Ewentualne zmiany w wycieczce w interesie zadowolenia Klienta mog\u0105 by\u0107 dokonane tylko wtedy, gdy skarga zostanie z\u0142o\u017cona podczas wycieczki. Reklamacje z\u0142o\u017cone p\u00f3\u017aniej nie b\u0119d\u0105 brane pod uwag\u0119. Je\u015bli reklamacja zostanie z\u0142o\u017cona w trakcie trwania imprezy turystycznej, a problem pozostanie nierozwi\u0105zany, nale\u017cy z\u0142o\u017cy\u0107 pisemn\u0105 reklamacj\u0119 do Sp\u00f3\u0142ki w ci\u0105gu 24 godzin od zako\u0144czenia imprezy turystycznej.<\/p>\n\n\n\n<p>W niekt\u00f3rych przypadkach Sp\u00f3\u0142ka jest po\u015brednikiem mi\u0119dzy klientem a us\u0142ugodawc\u0105. Mimo \u017ce nasz zesp\u00f3\u0142 dok\u0142ada wszelkich stara\u0144, aby znale\u017a\u0107 i \u015bwiadczy\u0107 tylko najlepsze us\u0142ugi, nie mo\u017cemy ponosi\u0107 odpowiedzialno\u015bci za b\u0142\u0119dy, wpadki lub zaniedbania pope\u0142nione przez osoby trzecie. W przypadku jakichkolwiek problem\u00f3w z us\u0142ugami \u015bwiadczonymi przez naszego dostawc\u0119\/partnera, nale\u017cy rozwi\u0105za\u0107 je bezpo\u015brednio z nim.<\/p>\n\n\n\n<h2 class=\"wp-block-heading\">Obowi\u0105zki<\/h2>\n\n\n\n<p>All clients must follow the instructions by the Company, stated in correspondence, product\u2019s webpage\/brochure or instructions by the Company\u2019s guide.<\/p>\n\n\n\n<p>Firma zastrzega sobie prawo do anulowania programu w dowolnym momencie, je\u015bli Klient nie zastosuje si\u0119 do instrukcji przewodnika i wydaje si\u0119, \u017ce mo\u017ce zagrozi\u0107 bezpiecznemu i komfortowemu przebiegowi wycieczki, \u017ce Klient mo\u017ce zosta\u0107 wykluczony z ca\u0142o\u015bci lub cz\u0119\u015bci wycieczki. W takim przypadku Klient nie ma prawa do zwrotu pieni\u0119dzy i musi pokry\u0107 wszelkie dodatkowe koszty poniesione przez Klienta z tego tytu\u0142u.<\/p>\n\n\n\n<p>Clients need to disclose any pertinent information that could potentially affect the experience or other clients. In case crucial information is not disclosed to the Company prior to the experience and this causes any additional costs, the Client is obliged to cover them.<\/p>\n\n\n\n<p>All clients are expected to obey local laws and regulations and any failure to do so will relieve the Company of all obligations that they may otherwise have under these booking conditions. Any damage or losses caused by the Client is the responsibility of the Client. Full payment for any such damage or loss must be paid at the time directly to the supplier or the Company. If the Client fails to do so, they will be responsible for meeting any claims (including legal costs).<\/p>\n\n\n\n<p>All clients need to have a valid identification document with them at all times. As stated by the law, every Slovenian citizen or country\u2019s visitor is obliged to have a valid ID present, and if asked to be identified by the police, the Client is aware that they could be charged with a penalty if they failed to do so.<\/p>\n\n\n\n<h2 class=\"wp-block-heading\">Zwolnienie z odpowiedzialno\u015bci<\/h2>\n\n\n\n<p>Sp\u00f3\u0142ka nie ponosi odpowiedzialno\u015bci za obra\u017cenia cia\u0142a lub szkody maj\u0105tkowe w wyniku (ale nie wy\u0142\u0105cznie): wysi\u0142ku fizycznego, na kt\u00f3ry Klient nie jest przygotowany; si\u0142 natury (si\u0142y wy\u017cszej); kolizji z rowerami, pieszymi lub samochodami; warunk\u00f3w drogowych, w tym mi\u0119dzy innymi braku pobocza i nawierzchni jezdni, na kt\u00f3re wp\u0142yw maj\u0105 warunki pogodowe; podr\u00f3\u017c samolotem, poci\u0105giem, samochodem, \u0142odzi\u0105 lub innym \u015brodkiem transportu, rowerem, nartami, konno, pieszo lub innymi formami aktywnej lub przygodowej podr\u00f3\u017cy; spo\u017cywanie napoj\u00f3w alkoholowych; niepokoje spo\u0142eczne; terroryzm; awaria sprz\u0119tu; du\u017ca wysoko\u015b\u0107; brak lub ograniczony dost\u0119p do pomocy medycznej w odleg\u0142ych lokalizacjach lub adekwatno\u015b\u0107 pomocy medycznej po jej udzieleniu.<\/p>\n\n\n\n<p>Klienci, kt\u00f3rzy nie dostarcz\u0105 podpisanego zwolnienia z odpowiedzialno\u015bci przed wyjazdem, nie b\u0119d\u0105 mogli do\u0142\u0105czy\u0107 do wycieczki i b\u0119d\u0105 obowi\u0105zywa\u0107 standardowe zasady anulowania rezerwacji.<\/p>\n\n\n\n<h2 class=\"wp-block-heading\">Ograniczenia odpowiedzialno\u015bci<\/h2>\n\n\n\n<p>The Company is not liable for Client\u2019s extra expenses such as meals, transportation or extra hotel costs that are not included in the trip cost but may be required to get to or from a trip start or end. The Company reserves the right to make route and hotel modifications if necessary to improve the quality of a trip or to accommodate the comfort and wellbeing of Clients.<\/p>\n\n\n\n<p>Lost Belongings: The Company is not responsible for Client\u2019s loss of passports, tickets and any other documents, as well as the loss of or damage to luggage, personal property or other belongings.<\/p>\n\n\n\n<p>Og\u00f3lne warunki i stosunki mi\u0119dzy Klientem a Sp\u00f3\u0142k\u0105 podlegaj\u0105 prawu lokalnemu, bez wzgl\u0119du na przepisy kolizyjne. Klient i Sp\u00f3\u0142ka wyra\u017caj\u0105 zgod\u0119 na poddanie si\u0119 wy\u0142\u0105cznej jurysdykcji w\u0142a\u015bciwego s\u0105du w Lublanie w S\u0142owenii.<\/p>\n\n\n\n<p>Gdy Klient dokona lub potwierdzi rezerwacj\u0119, zak\u0142ada si\u0119, \u017ce akceptuje niniejsze Og\u00f3lne Warunki Handlowe.<\/p>\n\n\n\n<p><strong>Nomio d.o.o.<\/strong>; Ob Farjevcu 50, 1000 Ljubljana Slovenia; Tax number: SI94485186; Company registration number: 9768777000. Tour Organiser Licence: 2663, Tourist Agent Licence: 2664.<\/p>\n\n\n\n<p>Informacje dotycz\u0105ce przelewu bankowego:<\/p>\n\n\n\n<p>IBAN: SI56 0284 3026 6896 844<\/p>\n\n\n\n<p>BIC: LJBASI2X<\/p>\n\n\n\n<p>Address: Ob Farjevcu 50, 1000 Ljubljana<\/p>\n\n\n\n<p>Bank: NLB d.d.<\/p>\n\n\n\n<p>Terms of Service shall take effect on the date of 27.05.2022.<\/p>","protected":false},"excerpt":{"rendered":"<p>General terms and conditions are the fundamental part of this booking agreement, concluded between Nomio d.o.o. (hereinafter referred to as \u201cCompany\u201d) and their clients. Nomio d.o.o. is an umbrella brand for a multitude of brands listed on the Europe Stag Do website. Once the Client completes the booking, it is presumed that they accept these&nbsp; &hellip; <a href=\"https:\/\/stagdokrakow.com\/pl\/warunki-swiadczenia-uslug\/\">Ci\u0105g dalszy<\/a><\/p>","protected":false},"author":38,"featured_media":859,"parent":0,"menu_order":0,"comment_status":"open","ping_status":"open","template":"","meta":{"_acf_changed":false,"footnotes":""},"class_list":["post-41","page","type-page","status-publish","has-post-thumbnail","hentry"],"acf":{"page_subheading":""},"_links":{"self":[{"href":"https:\/\/stagdokrakow.com\/pl\/wp-json\/wp\/v2\/pages\/41","targetHints":{"allow":["GET"]}}],"collection":[{"href":"https:\/\/stagdokrakow.com\/pl\/wp-json\/wp\/v2\/pages"}],"about":[{"href":"https:\/\/stagdokrakow.com\/pl\/wp-json\/wp\/v2\/types\/page"}],"author":[{"embeddable":true,"href":"https:\/\/stagdokrakow.com\/pl\/wp-json\/wp\/v2\/users\/38"}],"replies":[{"embeddable":true,"href":"https:\/\/stagdokrakow.com\/pl\/wp-json\/wp\/v2\/comments?post=41"}],"version-history":[{"count":4,"href":"https:\/\/stagdokrakow.com\/pl\/wp-json\/wp\/v2\/pages\/41\/revisions"}],"predecessor-version":[{"id":5690,"href":"https:\/\/stagdokrakow.com\/pl\/wp-json\/wp\/v2\/pages\/41\/revisions\/5690"}],"wp:featuredmedia":[{"embeddable":true,"href":"https:\/\/stagdokrakow.com\/pl\/wp-json\/wp\/v2\/media\/859"}],"wp:attachment":[{"href":"https:\/\/stagdokrakow.com\/pl\/wp-json\/wp\/v2\/media?parent=41"}],"curies":[{"name":"wp","href":"https:\/\/api.w.org\/{rel}","templated":true}]}}