{"id":39,"date":"2023-01-16T13:14:25","date_gmt":"2023-01-16T13:14:25","guid":{"rendered":"https:\/\/stagdokrakow.com\/about-us\/"},"modified":"2026-02-24T08:30:46","modified_gmt":"2026-02-24T08:30:46","slug":"o-nas","status":"publish","type":"page","link":"https:\/\/stagdokrakow.com\/pl\/o-nas\/","title":{"rendered":"O nas"},"content":{"rendered":"<p>M\u00f3j zesp\u00f3\u0142 i ja w Krakow Stag Do dok\u0142adamy wszelkich stara\u0144, aby Tw\u00f3j weekend kawalerski w Krakowie sta\u0142 si\u0119 niezapomnian\u0105 przygod\u0105. Wiemy, \u017ce planowanie podr\u00f3\u017cy, szczeg\u00f3lnie na wiecz\u00f3r kawalerski, mo\u017ce by\u0107 zniech\u0119caj\u0105ce, ale spokojnie, <strong>Jeste\u015bmy tutaj, aby zaj\u0105\u0107 si\u0119 wszystkim<\/strong>.<\/p>\n\n\n\n<h1 class=\"wp-block-heading\">Nasze zobowi\u0105zanie do wyj\u0105tkowej obs\u0142ugi<\/h1>\n\n\n\n<p>Zapewniamy obs\u0142ug\u0119 na najwy\u017cszym poziomie i zajmujemy si\u0119 ka\u017cdym aspektem podr\u00f3\u017cy, od <strong>organizowanie aktywno\u015bci podnosz\u0105cych poziom adrenaliny<\/strong> jak paintball i jazda na quadach, po spokojne zaj\u0119cia, takie jak sp\u0142ywy kajakowe po Wi\u015ble.&nbsp;<\/p>\n\n\n\n<figure class=\"wp-block-image size-large\"><img decoding=\"async\" src=\"https:\/\/stagdokrakow.com\/wp-content\/uploads\/symbol-of-cracow-legendary-polish-wawel-dragon-monument-with-fire-coming-out-from-its-mouth-1024x682.webp\" alt=\"Symbol Krakowa - legendarny pomnik smoka wawelskiego z ogniem wydobywaj\u0105cym si\u0119 z jego paszczy na tle b\u0142\u0119kitnego nieba o zachodzie s\u0142o\u0144ca.\" class=\"wp-image-1018\"\/><figcaption class=\"wp-element-caption\">Symbol Krakowa - legendarny pomnik smoka wawelskiego z ogniem wydobywaj\u0105cym si\u0119 z jego paszczy.<\/figcaption><\/figure>\n\n\n\n<p>Oferujemy r\u00f3wnie\u017c ekscytuj\u0105ce opcje \u017cycia nocnego, takie jak imprezy klubowe i bar crawls, zapewniaj\u0105c, \u017ce noce b\u0119d\u0105 r\u00f3wnie niezapomniane jak dni.<\/p>\n\n\n\n<h1 class=\"wp-block-heading\">Nasza wiedza na temat planowania Stag Do<\/h1>\n\n\n\n<p>Dzi\u0119ki wieloletniemu do\u015bwiadczeniu w organizacji weekend\u00f3w kawalerskich wiemy, jak stworzy\u0107 idealne po\u0142\u0105czenie zabawy, przygody i relaksu.&nbsp;<\/p>\n\n\n\n<p>\u015aci\u015ble wsp\u00f3\u0142pracujemy z Tob\u0105, aby<strong> Dostosuj wiecz\u00f3r kawalerski, kt\u00f3ry odzwierciedla unikalne preferencje Twojej grupy,<\/strong> Niezale\u017cnie od tego, czy chodzi o zwiedzanie historycznych zabytk\u00f3w Krakowa, czy cieszenie si\u0119 t\u0119tni\u0105cym \u017cyciem nocnym.<\/p>\n\n\n\n<h1 class=\"wp-block-heading\">Nasze uwa\u017cne podej\u015bcie<\/h1>\n\n\n\n<p>Rozumiemy znaczenie ka\u017cdego wieczoru kawalerskiego i dostosowujemy ka\u017cdy szczeg\u00f3\u0142, aby zapewni\u0107 bezb\u0142\u0119dne wra\u017cenia z pobytu w Krakowie.&nbsp;<\/p>\n\n\n\n<figure class=\"wp-block-image size-large\"><img decoding=\"async\" src=\"https:\/\/stagdokrakow.com\/wp-content\/uploads\/kazimierz-street-at-night-krakow-poland-1024x650.webp\" alt=\"Ulica Kazimierz noc\u0105, Krak\u00f3w, Polska\" class=\"wp-image-1019\"\/><figcaption class=\"wp-element-caption\">Ulica Kazimierz noc\u0105, Krak\u00f3w, Polska.<\/figcaption><\/figure>\n\n\n\n<p>Od momentu przybycia na miejsce, <strong>Nasz dedykowany zesp\u00f3\u0142 zajmuje si\u0119 ca\u0142\u0105 logistyk\u0105<\/strong>dzi\u0119ki czemu mo\u017cna si\u0119 zrelaksowa\u0107 i w pe\u0142ni zanurzy\u0107 w energii miasta.<\/p>\n\n\n\n<h1 class=\"wp-block-heading\">Zaplanuj z nami najlepszy wiecz\u00f3r kawalerski<\/h1>\n\n\n\n<p>Skontaktuj si\u0119 ju\u017c dzi\u015b z<strong> Rozpocznij tworzenie niezwyk\u0142ego weekendu kawalerskiego<\/strong> w Krakowie. Dok\u0142adamy wszelkich stara\u0144, aby Twoja uroczysto\u015b\u0107 by\u0142a czasem \u015bmiechu, wi\u0119zi i niezapomnianych wspomnie\u0144.<\/p>\n\n\n\n<p><strong>Pozw\u00f3l nam pom\u00f3c <\/strong>w stworzeniu idealnej uroczysto\u015bci na ostatnie dni kawalerskiego \u017cycia. Skontaktuj si\u0119 z nami ju\u017c teraz, aby rozpocz\u0105\u0107 planowanie niezapomnianego weekendu w Budapeszcie.<\/p>\n\n\n\n<p>Dla tych, kt\u00f3rzy rozwa\u017caj\u0105 r\u00f3\u017cne miejsca na wiecz\u00f3r kawalerski, zapoznaj si\u0119 z opcjami na naszej li\u015bcie poni\u017cej:<\/p>\n\n\n\n<ul class=\"wp-block-list\">\n<li><a href=\"https:\/\/amsterdam-stag-do.com\/\">Wiecz\u00f3r kawalerski w Amsterdamie<\/a><\/li>\n\n\n\n<li><a href=\"https:\/\/berlin-stag-do.com\/\">Berlin Stag Do<\/a><\/li>\n\n\n\n<li><a href=\"https:\/\/hamburgstagdo.com\/\">Wiecz\u00f3r kawalerski w Hamburgu<\/a><\/li>\n\n\n\n<li><a href=\"https:\/\/hvarstagdo.com\/\">Hvar Stag Do<\/a><\/li>\n\n\n\n<li><a href=\"https:\/\/lisbonstagdo.com\/\">Wiecz\u00f3r kawalerski w Lizbonie<\/a><\/li>\n\n\n\n<li><a href=\"https:\/\/munichstagdo.com\/\">Wiecz\u00f3r kawalerski w Monachium<\/a><\/li>\n\n\n\n<li><a href=\"https:\/\/prague-stag-do.com\/\">Wiecz\u00f3r kawalerski w Pradze<\/a><\/li>\n\n\n\n<li><a href=\"https:\/\/riga-stag-do.com\/\">Riga Stag Do<\/a><\/li>\n\n\n\n<li><a href=\"https:\/\/stagpartyljubljana.com\/\">Wiecz\u00f3r kawalerski Lublana<\/a><\/li>\n\n\n\n<li><a href=\"https:\/\/ibizastagdo.com\">Wiecz\u00f3r kawalerski na Ibizie<\/a><\/li>\n\n\n\n<li><a href=\"https:\/\/benidorm-stag-do.com\/\">Wiecz\u00f3r kawalerski w Benidorm<\/a><\/li>\n\n\n\n<li><a href=\"https:\/\/budapest-stag-do.com\/\">Wiecz\u00f3r kawalerski w Budapeszcie<\/a><\/li>\n\n\n\n<li><a href=\"https:\/\/stagdovegas.com\/\">Stag Do Vegas<\/a><\/li>\n\n\n\n<li><a href=\"https:\/\/stagdobarcelona.com\/\">Wiecz\u00f3r kawalerski w Barcelonie<\/a><\/li>\n\n\n\n<li><a href=\"https:\/\/stagdozagreb.com\/\">Stag Do Zagrzeb<\/a><\/li>\n\n\n\n<li><a href=\"https:\/\/splitstagdo.com\/\">Split Stag Do<\/a><\/li>\n\n\n\n<li><a href=\"https:\/\/dubrovnikstagdo.com\/\">Dubrovnik Stag Do<\/a><\/li>\n\n\n\n<li><a href=\"https:\/\/madridstagdo.com\/\">Wiecz\u00f3r kawalerski w Madrycie<\/a><\/li>\n\n\n\n<li><a href=\"https:\/\/bucharest-stag-do.com\/\">Wiecz\u00f3r kawalerski w Bukareszcie<\/a><\/li>\n\n\n\n<li><a href=\"https:\/\/albufeirastagdo.com\/\">Albufeira Stag Do<\/a><\/li>\n\n\n\n<li><a href=\"https:\/\/dublinstagdo.com\/\">Dublin Stag Do<\/a><\/li>\n<\/ul>","protected":false},"excerpt":{"rendered":"<p>M\u00f3j zesp\u00f3\u0142 i ja w Krakow Stag Do dok\u0142adamy wszelkich stara\u0144, aby Tw\u00f3j weekend kawalerski w Krakowie sta\u0142 si\u0119 niezapomnian\u0105 przygod\u0105. Wiemy, \u017ce planowanie podr\u00f3\u017cy, szczeg\u00f3lnie na wiecz\u00f3r kawalerski, mo\u017ce by\u0107 zniech\u0119caj\u0105ce, ale zapewniamy, \u017ce jeste\u015bmy tutaj, aby zaj\u0105\u0107 si\u0119 wszystkim. Nasza obietnica wyj\u0105tkowej obs\u0142ugi Zobowi\u0105zujemy si\u0119 do \u015bwiadczenia us\u0142ug na najwy\u017cszym poziomie i ... <a href=\"https:\/\/stagdokrakow.com\/pl\/o-nas\/\">Ci\u0105g dalszy<\/a><\/p>","protected":false},"author":38,"featured_media":1016,"parent":0,"menu_order":0,"comment_status":"closed","ping_status":"closed","template":"","meta":{"_acf_changed":false,"footnotes":""},"class_list":["post-39","page","type-page","status-publish","has-post-thumbnail","hentry"],"acf":{"page_subheading":"Meet the team behind Krakow Stag Do, offering vast experience and a personalized approach to ensure your Krakow stag weekend is an unforgettable one."},"_links":{"self":[{"href":"https:\/\/stagdokrakow.com\/pl\/wp-json\/wp\/v2\/pages\/39","targetHints":{"allow":["GET"]}}],"collection":[{"href":"https:\/\/stagdokrakow.com\/pl\/wp-json\/wp\/v2\/pages"}],"about":[{"href":"https:\/\/stagdokrakow.com\/pl\/wp-json\/wp\/v2\/types\/page"}],"author":[{"embeddable":true,"href":"https:\/\/stagdokrakow.com\/pl\/wp-json\/wp\/v2\/users\/38"}],"replies":[{"embeddable":true,"href":"https:\/\/stagdokrakow.com\/pl\/wp-json\/wp\/v2\/comments?post=39"}],"version-history":[{"count":7,"href":"https:\/\/stagdokrakow.com\/pl\/wp-json\/wp\/v2\/pages\/39\/revisions"}],"predecessor-version":[{"id":5688,"href":"https:\/\/stagdokrakow.com\/pl\/wp-json\/wp\/v2\/pages\/39\/revisions\/5688"}],"wp:featuredmedia":[{"embeddable":true,"href":"https:\/\/stagdokrakow.com\/pl\/wp-json\/wp\/v2\/media\/1016"}],"wp:attachment":[{"href":"https:\/\/stagdokrakow.com\/pl\/wp-json\/wp\/v2\/media?parent=39"}],"curies":[{"name":"wp","href":"https:\/\/api.w.org\/{rel}","templated":true}]}}