{"id":614,"date":"2023-10-03T07:52:44","date_gmt":"2023-10-03T07:52:44","guid":{"rendered":"https:\/\/stagdokrakow.com\/?page_id=614"},"modified":"2023-12-12T13:20:19","modified_gmt":"2023-12-12T13:20:19","slug":"come-arrivare-a-cracovia","status":"publish","type":"page","link":"https:\/\/stagdokrakow.com\/it\/come-arrivare-a-cracovia\/","title":{"rendered":"Come arrivare a Cracovia"},"content":{"rendered":"<p>Cracovia, una delle mete preferite dai viaggiatori, vanta un'architettura storica, una vita notturna dinamica e panorami mozzafiato che ne rendono innegabile il fascino. Che siate alla ricerca di un rifugio tranquillo o di un vivace weekend di addio al celibato, raggiungere Cracovia \u00e8 facile e senza stress.&nbsp;<\/p>\n\n\n\n<h1 class=\"wp-block-heading\">Volare a Cracovia<\/h1>\n\n\n\n<p>Il percorso pi\u00f9 rapido e diretto per raggiungere Cracovia \u00e8 l'aereo. <strong>Aeroporto internazionale di Cracovia Giovanni Paolo II (KRK)<\/strong> offre ottimi collegamenti con molte delle principali citt\u00e0 europee, tra cui Londra.&nbsp;<\/p>\n\n\n\n<p><\/p>\n\n\n\n<figure class=\"wp-block-image size-large is-resized\"><img decoding=\"async\" src=\"https:\/\/stagdokrakow.com\/wp-content\/uploads\/tourist-1024x683.webp\" alt=\"Vista posteriore di una donna viaggiatrice che cammina nella vecchia Piazza del Mercato di Cracovia con in mano una mappa turistica. Concetto di viaggio e stile di vita attivo. Foto di alta qualit\u00e0\" class=\"wp-image-1008\" style=\"width:1450px;height:auto\"\/><figcaption class=\"wp-element-caption\">Un turista che cammina nella vecchia Piazza del Mercato di Cracovia con in mano una mappa.<\/figcaption><\/figure>\n\n\n\n<p>Diverse compagnie aeree, da quelle economiche come Ryanair e easyJet a quelle a servizio completo come British Airways, operano voli da Londra a Cracovia.<\/p>\n\n\n\n<p>All'atterraggio, <a href=\"https:\/\/stagdokrakow.com\/it\/trasferimenti\/\">possiamo organizzare il prelievo dall'aeroporto <\/a>e il trasporto al vostro alloggio.<\/p>\n\n\n\n<h1 class=\"wp-block-heading\">Fate un giro panoramico in treno<\/h1>\n\n\n\n<p>Un modo delizioso e pittoresco per raggiungere Cracovia \u00e8 il treno. Il viaggio offre <strong>uno sguardo agli splendidi paesaggi d'Europa <\/strong>e vi collega direttamente alla stazione ferroviaria di Cracovia, un hub con collegamenti con diverse citt\u00e0 polacche ed europee.<\/p>\n\n\n\n<p>Possiamo accogliervi alla stazione ferroviaria di Cracovia al vostro arrivo e accompagnarvi direttamente al vostro alloggio, assicurandovi una transizione fluida dal tranquillo viaggio in treno alla vibrante atmosfera di Cracovia, ponendo perfettamente le basi per un indimenticabile weekend di addio al celibato.<\/p>\n\n\n\n<h1 class=\"wp-block-heading\">Esplorare Cracovia<\/h1>\n\n\n\n<p>Una volta arrivati a Cracovia, muoversi in citt\u00e0 \u00e8 facile grazie a molteplici opzioni. Potete noleggiare un'auto, prendere un taxi o utilizzare i mezzi pubblici. Per un'esperienza senza preoccupazioni, prendete in considerazione i nostri servizi di trasferimento.<\/p>\n\n\n\n<figure class=\"wp-block-image size-large\"><img decoding=\"async\" src=\"https:\/\/stagdokrakow.com\/wp-content\/uploads\/wawel-castle-in-krakow-poland-1024x589.webp\" alt=\"Il castello di Wawel a Cracovia, Polonia\" class=\"wp-image-1009\"\/><figcaption class=\"wp-element-caption\">Il castello di Wawel a Cracovia, Polonia<\/figcaption><\/figure>\n\n\n\n<p>In sintesi, raggiungere Cracovia \u00e8 facile e offre <strong>una gamma di opzioni di viaggio che si adattano alle vostre preferenze <\/strong>e budget. Che arriviate in aereo o in treno, sarete pronti a iniziare un epico weekend di addio al celibato in questa vivace citt\u00e0.<\/p>","protected":false},"excerpt":{"rendered":"<p>Cracovia, una delle mete preferite dai viaggiatori, vanta un'architettura storica, una vita notturna dinamica e panorami mozzafiato che ne rendono innegabile il fascino. Che si tratti di un rifugio tranquillo o di un vivace weekend di addio al celibato, arrivare a Cracovia \u00e8 facile e senza stress.  Volare a Cracovia La via pi\u00f9 rapida e diretta per raggiungere Cracovia \u00e8 l'aereo. L'Aeroporto Internazionale Giovanni Paolo II di Cracovia ... <a href=\"https:\/\/stagdokrakow.com\/it\/come-arrivare-a-cracovia\/\">Continua<\/a><\/p>","protected":false},"author":38,"featured_media":1013,"parent":0,"menu_order":0,"comment_status":"closed","ping_status":"closed","template":"","meta":{"_acf_changed":false,"footnotes":""},"class_list":["post-614","page","type-page","status-publish","has-post-thumbnail","hentry"],"acf":{"page_subheading":"Uncover the best routes to Krakow's vibrant party scene for your stag celebration. Choose between flying into Krakow or taking a scenic train ride to start your journey."},"_links":{"self":[{"href":"https:\/\/stagdokrakow.com\/it\/wp-json\/wp\/v2\/pages\/614","targetHints":{"allow":["GET"]}}],"collection":[{"href":"https:\/\/stagdokrakow.com\/it\/wp-json\/wp\/v2\/pages"}],"about":[{"href":"https:\/\/stagdokrakow.com\/it\/wp-json\/wp\/v2\/types\/page"}],"author":[{"embeddable":true,"href":"https:\/\/stagdokrakow.com\/it\/wp-json\/wp\/v2\/users\/38"}],"replies":[{"embeddable":true,"href":"https:\/\/stagdokrakow.com\/it\/wp-json\/wp\/v2\/comments?post=614"}],"version-history":[{"count":6,"href":"https:\/\/stagdokrakow.com\/it\/wp-json\/wp\/v2\/pages\/614\/revisions"}],"predecessor-version":[{"id":1010,"href":"https:\/\/stagdokrakow.com\/it\/wp-json\/wp\/v2\/pages\/614\/revisions\/1010"}],"wp:featuredmedia":[{"embeddable":true,"href":"https:\/\/stagdokrakow.com\/it\/wp-json\/wp\/v2\/media\/1013"}],"wp:attachment":[{"href":"https:\/\/stagdokrakow.com\/it\/wp-json\/wp\/v2\/media?parent=614"}],"curies":[{"name":"wp","href":"https:\/\/api.w.org\/{rel}","templated":true}]}}