{"id":614,"date":"2023-10-03T07:52:44","date_gmt":"2023-10-03T07:52:44","guid":{"rendered":"https:\/\/stagdokrakow.com\/?page_id=614"},"modified":"2023-12-12T13:20:19","modified_gmt":"2023-12-12T13:20:19","slug":"comment-se-rendre-a-cracovie","status":"publish","type":"page","link":"https:\/\/stagdokrakow.com\/fr\/comment-se-rendre-a-cracovie\/","title":{"rendered":"Comment se rendre \u00e0 Cracovie"},"content":{"rendered":"<p>Cracovie, destination pr\u00e9f\u00e9r\u00e9e des voyageurs, pr\u00e9sente une architecture historique, une vie nocturne dynamique et des vues imprenables, ce qui rend son attrait ind\u00e9niable. Qu'il s'agisse d'une retraite paisible ou d'un week-end d'enterrement de vie de gar\u00e7on anim\u00e9, il est facile et sans stress de se rendre \u00e0 Cracovie.&nbsp;<\/p>\n\n\n\n<h1 class=\"wp-block-heading\">Vol vers Cracovie<\/h1>\n\n\n\n<p>L'itin\u00e9raire le plus rapide et le plus direct pour se rendre \u00e0 Cracovie est l'avion. <strong>A\u00e9roport international Jean-Paul II de Cracovie (KRK)<\/strong> offre d'excellentes liaisons avec de nombreuses grandes villes europ\u00e9ennes, dont Londres.&nbsp;<\/p>\n\n\n\n<p><\/p>\n\n\n\n<figure class=\"wp-block-image size-large is-resized\"><img decoding=\"async\" src=\"https:\/\/stagdokrakow.com\/wp-content\/uploads\/tourist-1024x683.webp\" alt=\"Vue de dos d&#039;une voyageuse marchant sur la vieille place du march\u00e9 de Cracovie et tenant une carte touristique. Concept de voyage et de vie active. Photo de haute qualit\u00e9\" class=\"wp-image-1008\" style=\"width:1450px;height:auto\"\/><figcaption class=\"wp-element-caption\">Un touriste se promenant sur la vieille place du march\u00e9 de Cracovie et tenant une carte.<\/figcaption><\/figure>\n\n\n\n<p>Plusieurs compagnies a\u00e9riennes, depuis les options \u00e9conomiques comme Ryanair et easyJet jusqu'aux transporteurs \u00e0 service complet comme British Airways, proposent des vols entre Londres et Cracovie.<\/p>\n\n\n\n<p>A l'atterrissage, <a href=\"https:\/\/stagdokrakow.com\/fr\/transferts\/\">nous pouvons organiser la prise en charge \u00e0 l'a\u00e9roport <\/a>et le transport jusqu'\u00e0 votre lieu d'h\u00e9bergement.<\/p>\n\n\n\n<h1 class=\"wp-block-heading\">Faire un tour en train pittoresque<\/h1>\n\n\n\n<p>Le train est un moyen agr\u00e9able et pittoresque de se rendre \u00e0 Cracovie. Le voyage offre <strong>un aper\u00e7u des magnifiques paysages d'Europe <\/strong>et vous relie directement \u00e0 la gare de Cracovie, une plaque tournante avec des liaisons vers de nombreuses villes polonaises et europ\u00e9ennes.<\/p>\n\n\n\n<p>Nous pouvons vous accueillir \u00e0 la gare de Cracovie \u00e0 votre arriv\u00e9e et vous escorter directement jusqu'\u00e0 votre h\u00e9bergement, assurant ainsi une transition en douceur entre votre voyage en train tranquille et l'atmosph\u00e8re vibrante de Cracovie, pr\u00e9parant parfaitement le terrain pour un week-end d'enterrement de vie de gar\u00e7on inoubliable.<\/p>\n\n\n\n<h1 class=\"wp-block-heading\">Explorer Cracovie<\/h1>\n\n\n\n<p>Une fois \u00e0 Cracovie, il est facile de se d\u00e9placer dans la ville gr\u00e2ce \u00e0 de nombreuses options. Vous pouvez louer une voiture, prendre un taxi ou utiliser les transports publics. Pour une exp\u00e9rience sans souci, pensez \u00e0 nos services de transfert.<\/p>\n\n\n\n<figure class=\"wp-block-image size-large\"><img decoding=\"async\" src=\"https:\/\/stagdokrakow.com\/wp-content\/uploads\/wawel-castle-in-krakow-poland-1024x589.webp\" alt=\"Ch\u00e2teau de Wawel \u00e0 Cracovie, Pologne\" class=\"wp-image-1009\"\/><figcaption class=\"wp-element-caption\">Ch\u00e2teau de Wawel \u00e0 Cracovie, Pologne<\/figcaption><\/figure>\n\n\n\n<p>En r\u00e9sum\u00e9, il est facile de se rendre \u00e0 Cracovie. <strong>une gamme d'options de voyage adapt\u00e9es \u00e0 vos pr\u00e9f\u00e9rences <\/strong>et le budget. Que vous arriviez en avion ou en train, vous serez pr\u00eat \u00e0 commencer un week-end d'enterrement de vie de gar\u00e7on \u00e9pique dans cette ville anim\u00e9e.<\/p>","protected":false},"excerpt":{"rendered":"<p>Cracovie, destination pr\u00e9f\u00e9r\u00e9e des voyageurs, pr\u00e9sente une architecture historique, une vie nocturne dynamique et des vues imprenables, ce qui rend son attrait ind\u00e9niable. Qu'il s'agisse d'une retraite paisible ou d'un week-end d'enterrement de vie de gar\u00e7on anim\u00e9, il est facile et sans stress de se rendre \u00e0 Cracovie.  Se rendre \u00e0 Cracovie en avion L'itin\u00e9raire le plus rapide et le plus direct pour se rendre \u00e0 Cracovie est l'avion. L'a\u00e9roport international Jean-Paul II de Cracovie ... <a href=\"https:\/\/stagdokrakow.com\/fr\/comment-se-rendre-a-cracovie\/\">Suite<\/a><\/p>","protected":false},"author":38,"featured_media":1013,"parent":0,"menu_order":0,"comment_status":"closed","ping_status":"closed","template":"","meta":{"_acf_changed":false,"footnotes":""},"class_list":["post-614","page","type-page","status-publish","has-post-thumbnail","hentry"],"acf":{"page_subheading":"Uncover the best routes to Krakow's vibrant party scene for your stag celebration. Choose between flying into Krakow or taking a scenic train ride to start your journey."},"_links":{"self":[{"href":"https:\/\/stagdokrakow.com\/fr\/wp-json\/wp\/v2\/pages\/614","targetHints":{"allow":["GET"]}}],"collection":[{"href":"https:\/\/stagdokrakow.com\/fr\/wp-json\/wp\/v2\/pages"}],"about":[{"href":"https:\/\/stagdokrakow.com\/fr\/wp-json\/wp\/v2\/types\/page"}],"author":[{"embeddable":true,"href":"https:\/\/stagdokrakow.com\/fr\/wp-json\/wp\/v2\/users\/38"}],"replies":[{"embeddable":true,"href":"https:\/\/stagdokrakow.com\/fr\/wp-json\/wp\/v2\/comments?post=614"}],"version-history":[{"count":6,"href":"https:\/\/stagdokrakow.com\/fr\/wp-json\/wp\/v2\/pages\/614\/revisions"}],"predecessor-version":[{"id":1010,"href":"https:\/\/stagdokrakow.com\/fr\/wp-json\/wp\/v2\/pages\/614\/revisions\/1010"}],"wp:featuredmedia":[{"embeddable":true,"href":"https:\/\/stagdokrakow.com\/fr\/wp-json\/wp\/v2\/media\/1013"}],"wp:attachment":[{"href":"https:\/\/stagdokrakow.com\/fr\/wp-json\/wp\/v2\/media?parent=614"}],"curies":[{"name":"wp","href":"https:\/\/api.w.org\/{rel}","templated":true}]}}