{"id":39,"date":"2023-01-16T13:14:25","date_gmt":"2023-01-16T13:14:25","guid":{"rendered":"https:\/\/stagdokrakow.com\/about-us\/"},"modified":"2026-02-24T08:30:46","modified_gmt":"2026-02-24T08:30:46","slug":"a-propos-de-nous","status":"publish","type":"page","link":"https:\/\/stagdokrakow.com\/fr\/a-propos-de-nous\/","title":{"rendered":"\u00c0 propos de nous"},"content":{"rendered":"<p>Mon \u00e9quipe et moi-m\u00eame, \u00e0 Krakow Stag Do, nous engageons \u00e0 faire de votre week-end d'enterrement de vie de gar\u00e7on \u00e0 Cracovie une aventure inoubliable. Nous savons que l'organisation d'un voyage, en particulier pour un enterrement de vie de gar\u00e7on, peut \u00eatre intimidante, mais rassurez-vous, <strong>nous sommes l\u00e0 pour tout g\u00e9rer<\/strong>.<\/p>\n\n\n\n<h1 class=\"wp-block-heading\">Notre promesse d'un service exceptionnel<\/h1>\n\n\n\n<p>Nous nous engageons \u00e0 fournir un service de premier ordre et \u00e0 prendre en charge tous les aspects de votre voyage, depuis <strong>l'organisation d'activit\u00e9s stimulant l'adr\u00e9naline<\/strong> comme le paintball et le quad ou des activit\u00e9s tranquilles comme le kayak sur la Vistule.&nbsp;<\/p>\n\n\n\n<figure class=\"wp-block-image size-large\"><img decoding=\"async\" src=\"https:\/\/stagdokrakow.com\/wp-content\/uploads\/symbol-of-cracow-legendary-polish-wawel-dragon-monument-with-fire-coming-out-from-its-mouth-1024x682.webp\" alt=\"Symbole de Cracovie - monument l\u00e9gendaire du dragon polonais wawel avec le feu sortant de sa gueule sur fond de ciel bleu au coucher du soleil.\" class=\"wp-image-1018\"\/><figcaption class=\"wp-element-caption\">Symbole de Cracovie : le l\u00e9gendaire dragon polonais du Wawel, dont la gueule laisse \u00e9chapper du feu.<\/figcaption><\/figure>\n\n\n\n<p>Nous proposons \u00e9galement des options de vie nocturne excitantes, comme des soir\u00e9es en bo\u00eete et des tourn\u00e9es des bars, pour que vos nuits soient aussi m\u00e9morables que vos journ\u00e9es.<\/p>\n\n\n\n<h1 class=\"wp-block-heading\">Nos connaissances en mati\u00e8re d'organisation d'enterrement de vie de gar\u00e7on<\/h1>\n\n\n\n<p>Avec des ann\u00e9es d'exp\u00e9rience dans l'organisation de week-ends d'enterrement de vie de gar\u00e7on, nous savons comment cr\u00e9er le m\u00e9lange parfait d'amusement, d'aventure et de d\u00e9tente.&nbsp;<\/p>\n\n\n\n<p>Nous travaillons en \u00e9troite collaboration avec vous pour<strong> Cr\u00e9ez un enterrement de vie de gar\u00e7on qui refl\u00e8te les pr\u00e9f\u00e9rences uniques de votre groupe,<\/strong> qu'il s'agisse d'explorer les sites historiques de Cracovie ou de profiter de sa vie nocturne tr\u00e9pidante.<\/p>\n\n\n\n<h1 class=\"wp-block-heading\">Notre approche attentive<\/h1>\n\n\n\n<p>Nous comprenons l'importance de chaque enterrement de vie de gar\u00e7on et nous adaptons chaque d\u00e9tail pour que votre exp\u00e9rience \u00e0 Cracovie soit parfaite.&nbsp;<\/p>\n\n\n\n<figure class=\"wp-block-image size-large\"><img decoding=\"async\" src=\"https:\/\/stagdokrakow.com\/wp-content\/uploads\/kazimierz-street-at-night-krakow-poland-1024x650.webp\" alt=\"Rue Kazimierz la nuit, Cracovie, Pologne\" class=\"wp-image-1019\"\/><figcaption class=\"wp-element-caption\">Rue Kazimierz la nuit, Cracovie, Pologne.<\/figcaption><\/figure>\n\n\n\n<p>D\u00e8s votre arriv\u00e9e, <strong>notre \u00e9quipe d\u00e9vou\u00e9e s'occupe de toute la logistique<\/strong>Vous pourrez ainsi vous d\u00e9tendre et vous impr\u00e9gner de l'\u00e9nergie de la ville.<\/p>\n\n\n\n<h1 class=\"wp-block-heading\">Organisez le meilleur enterrement de vie de gar\u00e7on avec nous<\/h1>\n\n\n\n<p>Contactez d\u00e8s aujourd'hui<strong> commencez \u00e0 cr\u00e9er un week-end pour c\u00e9libataires hors du commun<\/strong> \u00e0 Cracovie. Nous nous engageons \u00e0 faire de votre c\u00e9l\u00e9bration un moment de rire, de rapprochement et de souvenirs inoubliables.<\/p>\n\n\n\n<p><strong>Permettez-nous de vous aider <\/strong>pour cr\u00e9er la c\u00e9l\u00e9bration parfaite des derniers jours de c\u00e9libat du cerf. Contactez-nous d\u00e8s maintenant pour commencer \u00e0 planifier un week-end m\u00e9morable \u00e0 Budapest.<\/p>\n\n\n\n<p>Si vous envisagez d'autres destinations pour votre enterrement de vie de gar\u00e7on, vous pouvez consulter la liste ci-dessous :<\/p>\n\n\n\n<ul class=\"wp-block-list\">\n<li><a href=\"https:\/\/amsterdam-stag-do.com\/\">Enterrement de vie de gar\u00e7on \u00e0 Amsterdam<\/a><\/li>\n\n\n\n<li><a href=\"https:\/\/berlin-stag-do.com\/\">Enterrement de vie de gar\u00e7on \u00e0 Berlin<\/a><\/li>\n\n\n\n<li><a href=\"https:\/\/hamburgstagdo.com\/\">Enterrement de vie de gar\u00e7on \u00e0 Hambourg<\/a><\/li>\n\n\n\n<li><a href=\"https:\/\/hvarstagdo.com\/\">Enterrement de vie de gar\u00e7on \u00e0 Hvar<\/a><\/li>\n\n\n\n<li><a href=\"https:\/\/lisbonstagdo.com\/\">Enterrement de vie de gar\u00e7on \u00e0 Lisbonne<\/a><\/li>\n\n\n\n<li><a href=\"https:\/\/munichstagdo.com\/\">Enterrement de vie de gar\u00e7on \u00e0 Munich<\/a><\/li>\n\n\n\n<li><a href=\"https:\/\/prague-stag-do.com\/\">Enterrement de vie de gar\u00e7on \u00e0 Prague<\/a><\/li>\n\n\n\n<li><a href=\"https:\/\/riga-stag-do.com\/\">Enterrement de vie de gar\u00e7on \u00e0 Riga<\/a><\/li>\n\n\n\n<li><a href=\"https:\/\/stagpartyljubljana.com\/\">Enterrement de vie de gar\u00e7on Ljubljana<\/a><\/li>\n\n\n\n<li><a href=\"https:\/\/ibizastagdo.com\">Enterrement de vie de gar\u00e7on \u00e0 Ibiza<\/a><\/li>\n\n\n\n<li><a href=\"https:\/\/benidorm-stag-do.com\/\">Enterrement de vie de gar\u00e7on \u00e0 Benidorm<\/a><\/li>\n\n\n\n<li><a href=\"https:\/\/budapest-stag-do.com\/\">Enterrement de vie de gar\u00e7on \u00e0 Budapest<\/a><\/li>\n\n\n\n<li><a href=\"https:\/\/stagdovegas.com\/\">Enterrement de vie de gar\u00e7on \u00e0 Vegas<\/a><\/li>\n\n\n\n<li><a href=\"https:\/\/stagdobarcelona.com\/\">Enterrement de vie de gar\u00e7on \u00e0 Barcelone<\/a><\/li>\n\n\n\n<li><a href=\"https:\/\/stagdozagreb.com\/\">Enterrement de vie de gar\u00e7on \u00e0 Zagreb<\/a><\/li>\n\n\n\n<li><a href=\"https:\/\/splitstagdo.com\/\">Enterrement de vie de gar\u00e7on \u00e0 Split<\/a><\/li>\n\n\n\n<li><a href=\"https:\/\/dubrovnikstagdo.com\/\">Enterrement de vie de gar\u00e7on \u00e0 Dubrovnik<\/a><\/li>\n\n\n\n<li><a href=\"https:\/\/madridstagdo.com\/\">Enterrement de vie de gar\u00e7on \u00e0 Madrid<\/a><\/li>\n\n\n\n<li><a href=\"https:\/\/bucharest-stag-do.com\/\">Enterrement de vie de gar\u00e7on \u00e0 Bucarest<\/a><\/li>\n\n\n\n<li><a href=\"https:\/\/albufeirastagdo.com\/\">Enterrement de vie de gar\u00e7on \u00e0 Albufeira<\/a><\/li>\n\n\n\n<li><a href=\"https:\/\/dublinstagdo.com\/\">Enterrement de vie de gar\u00e7on \u00e0 Dublin<\/a><\/li>\n<\/ul>","protected":false},"excerpt":{"rendered":"<p>Mon \u00e9quipe et moi-m\u00eame, \u00e0 Krakow Stag Do, nous engageons \u00e0 faire de votre week-end d'enterrement de vie de gar\u00e7on \u00e0 Cracovie une aventure inoubliable. Nous savons que l'organisation d'un voyage, en particulier pour un enterrement de vie de gar\u00e7on, peut \u00eatre d\u00e9courageante, mais rassurez-vous, nous sommes l\u00e0 pour tout g\u00e9rer. Notre promesse d'un service exceptionnel Nous nous engageons \u00e0 fournir un service de premier ordre et ... <a href=\"https:\/\/stagdokrakow.com\/fr\/a-propos-de-nous\/\">Suite<\/a><\/p>","protected":false},"author":38,"featured_media":1016,"parent":0,"menu_order":0,"comment_status":"closed","ping_status":"closed","template":"","meta":{"_acf_changed":false,"footnotes":""},"class_list":["post-39","page","type-page","status-publish","has-post-thumbnail","hentry"],"acf":{"page_subheading":"Meet the team behind Krakow Stag Do, offering vast experience and a personalized approach to ensure your Krakow stag weekend is an unforgettable one."},"_links":{"self":[{"href":"https:\/\/stagdokrakow.com\/fr\/wp-json\/wp\/v2\/pages\/39","targetHints":{"allow":["GET"]}}],"collection":[{"href":"https:\/\/stagdokrakow.com\/fr\/wp-json\/wp\/v2\/pages"}],"about":[{"href":"https:\/\/stagdokrakow.com\/fr\/wp-json\/wp\/v2\/types\/page"}],"author":[{"embeddable":true,"href":"https:\/\/stagdokrakow.com\/fr\/wp-json\/wp\/v2\/users\/38"}],"replies":[{"embeddable":true,"href":"https:\/\/stagdokrakow.com\/fr\/wp-json\/wp\/v2\/comments?post=39"}],"version-history":[{"count":7,"href":"https:\/\/stagdokrakow.com\/fr\/wp-json\/wp\/v2\/pages\/39\/revisions"}],"predecessor-version":[{"id":5688,"href":"https:\/\/stagdokrakow.com\/fr\/wp-json\/wp\/v2\/pages\/39\/revisions\/5688"}],"wp:featuredmedia":[{"embeddable":true,"href":"https:\/\/stagdokrakow.com\/fr\/wp-json\/wp\/v2\/media\/1016"}],"wp:attachment":[{"href":"https:\/\/stagdokrakow.com\/fr\/wp-json\/wp\/v2\/media?parent=39"}],"curies":[{"name":"wp","href":"https:\/\/api.w.org\/{rel}","templated":true}]}}