{"id":614,"date":"2023-10-03T07:52:44","date_gmt":"2023-10-03T07:52:44","guid":{"rendered":"https:\/\/stagdokrakow.com\/?page_id=614"},"modified":"2023-12-12T13:20:19","modified_gmt":"2023-12-12T13:20:19","slug":"como-llegar-a-cracovia","status":"publish","type":"page","link":"https:\/\/stagdokrakow.com\/es\/como-llegar-a-cracovia\/","title":{"rendered":"C\u00f3mo llegar a Cracovia"},"content":{"rendered":"<p>Cracovia, uno de los destinos favoritos de los viajeros, cuenta con una arquitectura hist\u00f3rica, una din\u00e1mica vida nocturna y unas vistas impresionantes, lo que hace que su atractivo sea innegable. Tanto si buscas un retiro tranquilo como un animado fin de semana de despedida de soltero, llegar a Cracovia es f\u00e1cil y sin estr\u00e9s.&nbsp;<\/p>\n\n\n\n<h1 class=\"wp-block-heading\">Volar a Cracovia<\/h1>\n\n\n\n<p>La ruta m\u00e1s r\u00e1pida y directa a Cracovia es el avi\u00f3n. <strong>Aeropuerto Internacional Juan Pablo II de Cracovia (KRK)<\/strong> ofrece excelentes conexiones con muchas ciudades europeas clave, incluida Londres.&nbsp;<\/p>\n\n\n\n<p><\/p>\n\n\n\n<figure class=\"wp-block-image size-large is-resized\"><img decoding=\"async\" src=\"https:\/\/stagdokrakow.com\/wp-content\/uploads\/tourist-1024x683.webp\" alt=\"Vista posterior de una viajera caminando por la antigua Plaza del Mercado de Cracovia con un mapa tur\u00edstico en la mano. Concepto de viaje y estilo de vida activo. Foto de alta calidad\" class=\"wp-image-1008\" style=\"width:1450px;height:auto\"\/><figcaption class=\"wp-element-caption\">Un turista pasea por la antigua Plaza del Mercado de Cracovia con un mapa en la mano.<\/figcaption><\/figure>\n\n\n\n<p>Varias aerol\u00edneas, desde opciones econ\u00f3micas como Ryanair y easyJet hasta compa\u00f1\u00edas de servicio completo como British Airways, operan vuelos de Londres a Cracovia.<\/p>\n\n\n\n<p>Al aterrizar, <a href=\"https:\/\/stagdokrakow.com\/es\/transferencias\/\">podemos organizar la recogida en el aeropuerto <\/a>y transporte hasta su alojamiento.<\/p>\n\n\n\n<h1 class=\"wp-block-heading\">Un viaje panor\u00e1mico en tren<\/h1>\n\n\n\n<p>Una forma encantadora y pintoresca de llegar a Cracovia es en tren. El viaje ofrece <strong>un vistazo a los bellos paisajes de Europa <\/strong>y le conecta directamente con la estaci\u00f3n de tren de Cracovia, un nudo con enlaces a varias ciudades polacas y europeas.<\/p>\n\n\n\n<p>Podemos recibirle en la estaci\u00f3n de tren de Cracovia a su llegada y acompa\u00f1arle directamente a su alojamiento, asegurando una transici\u00f3n sin problemas desde su tranquilo viaje en tren al vibrante ambiente de Cracovia, preparando perfectamente el escenario para un fin de semana de despedida de soltero inolvidable.<\/p>\n\n\n\n<h1 class=\"wp-block-heading\">Explorar Cracovia<\/h1>\n\n\n\n<p>Una vez en Cracovia, desplazarse por la ciudad es f\u00e1cil, con m\u00faltiples opciones. Puede alquilar un coche, coger un taxi o utilizar el transporte p\u00fablico. Para una experiencia sin preocupaciones, considere nuestros servicios de traslado.<\/p>\n\n\n\n<figure class=\"wp-block-image size-large\"><img decoding=\"async\" src=\"https:\/\/stagdokrakow.com\/wp-content\/uploads\/wawel-castle-in-krakow-poland-1024x589.webp\" alt=\"Castillo de Wawel en Cracovia, Polonia\" class=\"wp-image-1009\"\/><figcaption class=\"wp-element-caption\">Castillo de Wawel en Cracovia, Polonia<\/figcaption><\/figure>\n\n\n\n<p>En resumen, llegar a Cracovia es sencillo, ya que ofrece <strong>una gama de opciones de viaje que se adaptan a sus preferencias <\/strong>y presupuesto. Tanto si llega en avi\u00f3n como en tren, estar\u00e1 preparado para comenzar un fin de semana de despedida de soltero \u00e9pico en esta animada ciudad.<\/p>","protected":false},"excerpt":{"rendered":"<p>Cracovia, uno de los destinos favoritos de los viajeros, cuenta con una arquitectura hist\u00f3rica, una din\u00e1mica vida nocturna y unas vistas impresionantes, lo que hace que su atractivo sea innegable. Tanto si busca un retiro tranquilo como un animado fin de semana de despedida de soltero, llegar a Cracovia es f\u00e1cil y sin estr\u00e9s.  Volar a Cracovia La ruta m\u00e1s r\u00e1pida y directa a Cracovia es el avi\u00f3n. Aeropuerto Internacional Juan Pablo II de Cracovia ... <a href=\"https:\/\/stagdokrakow.com\/es\/como-llegar-a-cracovia\/\">Contin\u00faa en<\/a><\/p>","protected":false},"author":38,"featured_media":1013,"parent":0,"menu_order":0,"comment_status":"closed","ping_status":"closed","template":"","meta":{"_acf_changed":false,"footnotes":""},"class_list":["post-614","page","type-page","status-publish","has-post-thumbnail","hentry"],"acf":{"page_subheading":"Uncover the best routes to Krakow's vibrant party scene for your stag celebration. Choose between flying into Krakow or taking a scenic train ride to start your journey."},"_links":{"self":[{"href":"https:\/\/stagdokrakow.com\/es\/wp-json\/wp\/v2\/pages\/614","targetHints":{"allow":["GET"]}}],"collection":[{"href":"https:\/\/stagdokrakow.com\/es\/wp-json\/wp\/v2\/pages"}],"about":[{"href":"https:\/\/stagdokrakow.com\/es\/wp-json\/wp\/v2\/types\/page"}],"author":[{"embeddable":true,"href":"https:\/\/stagdokrakow.com\/es\/wp-json\/wp\/v2\/users\/38"}],"replies":[{"embeddable":true,"href":"https:\/\/stagdokrakow.com\/es\/wp-json\/wp\/v2\/comments?post=614"}],"version-history":[{"count":6,"href":"https:\/\/stagdokrakow.com\/es\/wp-json\/wp\/v2\/pages\/614\/revisions"}],"predecessor-version":[{"id":1010,"href":"https:\/\/stagdokrakow.com\/es\/wp-json\/wp\/v2\/pages\/614\/revisions\/1010"}],"wp:featuredmedia":[{"embeddable":true,"href":"https:\/\/stagdokrakow.com\/es\/wp-json\/wp\/v2\/media\/1013"}],"wp:attachment":[{"href":"https:\/\/stagdokrakow.com\/es\/wp-json\/wp\/v2\/media?parent=614"}],"curies":[{"name":"wp","href":"https:\/\/api.w.org\/{rel}","templated":true}]}}