{"id":39,"date":"2023-01-16T13:14:25","date_gmt":"2023-01-16T13:14:25","guid":{"rendered":"https:\/\/stagdokrakow.com\/about-us\/"},"modified":"2026-02-24T08:30:46","modified_gmt":"2026-02-24T08:30:46","slug":"acerca-de-nosotros","status":"publish","type":"page","link":"https:\/\/stagdokrakow.com\/es\/acerca-de-nosotros\/","title":{"rendered":"Qui\u00e9nes somos"},"content":{"rendered":"<p>Mi equipo y yo en Cracovia Stag Do estamos comprometidos a convertir su despedida de soltero en Cracovia en una aventura inolvidable. Sabemos que planificar un viaje, especialmente para una despedida de soltero, puede ser desalentador, pero puedes estar tranquilo, <strong>estamos aqu\u00ed para encargarnos de todo<\/strong>.<\/p>\n\n\n\n<h1 class=\"wp-block-heading\">Nuestro compromiso de servicio excepcional<\/h1>\n\n\n\n<p>Nos comprometemos a ofrecerle un servicio de primera y a ocuparnos de todos los aspectos de su viaje, desde <strong>organizar actividades que suban la adrenalina<\/strong> como el paintball y los quads, hasta actividades tranquilas como el pirag\u00fcismo en el r\u00edo V\u00edstula.&nbsp;<\/p>\n\n\n\n<figure class=\"wp-block-image size-large\"><img decoding=\"async\" src=\"https:\/\/stagdokrakow.com\/wp-content\/uploads\/symbol-of-cracow-legendary-polish-wawel-dragon-monument-with-fire-coming-out-from-its-mouth-1024x682.webp\" alt=\"S\u00edmbolo de Cracovia: el legendario monumento al drag\u00f3n polaco de Wawel con fuego saliendo de su boca contra el cielo azul al atardecer.\" class=\"wp-image-1018\"\/><figcaption class=\"wp-element-caption\">S\u00edmbolo de Cracovia: el legendario drag\u00f3n polaco de Wawel, del que sale fuego por la boca.<\/figcaption><\/figure>\n\n\n\n<p>Tambi\u00e9n ofrecemos emocionantes opciones de ocio nocturno, como fiestas en discotecas y recorridos por bares, para que sus noches sean tan memorables como sus d\u00edas.<\/p>\n\n\n\n<h1 class=\"wp-block-heading\">Nuestros conocimientos en planificaci\u00f3n de despedidas de soltero<\/h1>\n\n\n\n<p>Con a\u00f1os de experiencia en la organizaci\u00f3n de despedidas de soltero, sabemos c\u00f3mo crear la mezcla perfecta de diversi\u00f3n, aventura y relax.&nbsp;<\/p>\n\n\n\n<p>Trabajamos estrechamente con usted para<strong> Dise\u00f1e una despedida de soltero que refleje las preferencias \u00fanicas de su grupo,<\/strong> ya sea explorando los monumentos hist\u00f3ricos de Cracovia o disfrutando de su vibrante vida nocturna.<\/p>\n\n\n\n<h1 class=\"wp-block-heading\">Nuestro enfoque atento<\/h1>\n\n\n\n<p>Comprendemos la importancia de cada despedida de soltero y adaptamos cada detalle para garantizar que su experiencia en Cracovia sea impecable.&nbsp;<\/p>\n\n\n\n<figure class=\"wp-block-image size-large\"><img decoding=\"async\" src=\"https:\/\/stagdokrakow.com\/wp-content\/uploads\/kazimierz-street-at-night-krakow-poland-1024x650.webp\" alt=\"Calle Kazimierz de noche, Cracovia, Polonia\" class=\"wp-image-1019\"\/><figcaption class=\"wp-element-caption\">Calle Kazimierz de noche, Cracovia, Polonia.<\/figcaption><\/figure>\n\n\n\n<p>Desde el momento en que llegas, <strong>nuestro equipo se encarga de toda la log\u00edstica<\/strong>El hotel est\u00e1 situado en el centro de la ciudad, lo que le permitir\u00e1 relajarse y sumergirse en la energ\u00eda de la ciudad.<\/p>\n\n\n\n<h1 class=\"wp-block-heading\">Planifique la despedida de soltero definitiva con nosotros<\/h1>\n\n\n\n<p>P\u00f3ngase en contacto hoy mismo con<strong> empiece a preparar un fin de semana de despedida de soltero extraordinario<\/strong> en Cracovia. Nos comprometemos a hacer de su celebraci\u00f3n un momento de risas, uni\u00f3n y recuerdos inolvidables.<\/p>\n\n\n\n<p><strong>Perm\u00edtanos ayudarle <\/strong>en crear la celebraci\u00f3n perfecta para los \u00faltimos d\u00edas de solter\u00eda del soltero. P\u00f3ngase en contacto con nosotros ahora para empezar a planificar un fin de semana memorable en Budapest.<\/p>\n\n\n\n<p>Si est\u00e1 pensando en otros destinos para despedidas de soltero, explore las opciones de nuestra siguiente lista:<\/p>\n\n\n\n<ul class=\"wp-block-list\">\n<li><a href=\"https:\/\/amsterdam-stag-do.com\/\">Despedida de soltero en \u00c1msterdam<\/a><\/li>\n\n\n\n<li><a href=\"https:\/\/berlin-stag-do.com\/\">Despedida de soltero en Berl\u00edn<\/a><\/li>\n\n\n\n<li><a href=\"https:\/\/hamburgstagdo.com\/\">Despedida de soltero en Hamburgo<\/a><\/li>\n\n\n\n<li><a href=\"https:\/\/hvarstagdo.com\/\">Despedida de soltero en Hvar<\/a><\/li>\n\n\n\n<li><a href=\"https:\/\/lisbonstagdo.com\/\">Despedida de soltero en Lisboa<\/a><\/li>\n\n\n\n<li><a href=\"https:\/\/munichstagdo.com\/\">Despedida de soltero en M\u00fanich<\/a><\/li>\n\n\n\n<li><a href=\"https:\/\/prague-stag-do.com\/\">Despedida de soltero en Praga<\/a><\/li>\n\n\n\n<li><a href=\"https:\/\/riga-stag-do.com\/\">Despedida de soltero en Riga<\/a><\/li>\n\n\n\n<li><a href=\"https:\/\/stagpartyljubljana.com\/\">Despedida de soltero Liubliana<\/a><\/li>\n\n\n\n<li><a href=\"https:\/\/ibizastagdo.com\">Despedida de soltero en Ibiza<\/a><\/li>\n\n\n\n<li><a href=\"https:\/\/benidorm-stag-do.com\/\">Benidorm Despedida de soltero<\/a><\/li>\n\n\n\n<li><a href=\"https:\/\/budapest-stag-do.com\/\">Despedida de soltero en Budapest<\/a><\/li>\n\n\n\n<li><a href=\"https:\/\/stagdovegas.com\/\">Despedida de soltero en Las Vegas<\/a><\/li>\n\n\n\n<li><a href=\"https:\/\/stagdobarcelona.com\/\">Despedida de soltero Barcelona<\/a><\/li>\n\n\n\n<li><a href=\"https:\/\/stagdozagreb.com\/\">Despedida de soltero Zagreb<\/a><\/li>\n\n\n\n<li><a href=\"https:\/\/splitstagdo.com\/\">Despedida de soltero en Split<\/a><\/li>\n\n\n\n<li><a href=\"https:\/\/dubrovnikstagdo.com\/\">Despedida de soltero en Dubrovnik<\/a><\/li>\n\n\n\n<li><a href=\"https:\/\/madridstagdo.com\/\">Despedida de soltero en Madrid<\/a><\/li>\n\n\n\n<li><a href=\"https:\/\/bucharest-stag-do.com\/\">Despedida de soltero en Bucarest<\/a><\/li>\n\n\n\n<li><a href=\"https:\/\/albufeirastagdo.com\/\">Despedida de soltero en Albufeira<\/a><\/li>\n\n\n\n<li><a href=\"https:\/\/dublinstagdo.com\/\">Despedida de soltero en Dubl\u00edn<\/a><\/li>\n<\/ul>","protected":false},"excerpt":{"rendered":"<p>Mi equipo y yo en Cracovia Stag Do estamos comprometidos a convertir su despedida de soltero en Cracovia en una aventura inolvidable. Sabemos que planificar un viaje, especialmente para una despedida de soltero, puede ser desalentador, pero ten por seguro que estamos aqu\u00ed para encargarnos de todo. Nuestro compromiso de servicio excepcional Nos comprometemos a ofrecer un servicio de primera ... <a href=\"https:\/\/stagdokrakow.com\/es\/acerca-de-nosotros\/\">Contin\u00faa en<\/a><\/p>","protected":false},"author":38,"featured_media":1016,"parent":0,"menu_order":0,"comment_status":"closed","ping_status":"closed","template":"","meta":{"_acf_changed":false,"footnotes":""},"class_list":["post-39","page","type-page","status-publish","has-post-thumbnail","hentry"],"acf":{"page_subheading":"Meet the team behind Krakow Stag Do, offering vast experience and a personalized approach to ensure your Krakow stag weekend is an unforgettable one."},"_links":{"self":[{"href":"https:\/\/stagdokrakow.com\/es\/wp-json\/wp\/v2\/pages\/39","targetHints":{"allow":["GET"]}}],"collection":[{"href":"https:\/\/stagdokrakow.com\/es\/wp-json\/wp\/v2\/pages"}],"about":[{"href":"https:\/\/stagdokrakow.com\/es\/wp-json\/wp\/v2\/types\/page"}],"author":[{"embeddable":true,"href":"https:\/\/stagdokrakow.com\/es\/wp-json\/wp\/v2\/users\/38"}],"replies":[{"embeddable":true,"href":"https:\/\/stagdokrakow.com\/es\/wp-json\/wp\/v2\/comments?post=39"}],"version-history":[{"count":7,"href":"https:\/\/stagdokrakow.com\/es\/wp-json\/wp\/v2\/pages\/39\/revisions"}],"predecessor-version":[{"id":5688,"href":"https:\/\/stagdokrakow.com\/es\/wp-json\/wp\/v2\/pages\/39\/revisions\/5688"}],"wp:featuredmedia":[{"embeddable":true,"href":"https:\/\/stagdokrakow.com\/es\/wp-json\/wp\/v2\/media\/1016"}],"wp:attachment":[{"href":"https:\/\/stagdokrakow.com\/es\/wp-json\/wp\/v2\/media?parent=39"}],"curies":[{"name":"wp","href":"https:\/\/api.w.org\/{rel}","templated":true}]}}