{"id":614,"date":"2023-10-03T07:52:44","date_gmt":"2023-10-03T07:52:44","guid":{"rendered":"https:\/\/stagdokrakow.com\/?page_id=614"},"modified":"2023-12-12T13:20:19","modified_gmt":"2023-12-12T13:20:19","slug":"wie-man-nach-krakau-kommt","status":"publish","type":"page","link":"https:\/\/stagdokrakow.com\/de\/wie-man-nach-krakau-kommt\/","title":{"rendered":"Wie man nach Krakau kommt"},"content":{"rendered":"<p>Krakau, ein beliebtes Ziel f\u00fcr Reisende, ist mit seiner historischen Architektur, seinem dynamischen Nachtleben und seinen atemberaubenden Aussichten unbestreitbar attraktiv. Ob Sie einen ruhigen R\u00fcckzugsort oder ein lebhaftes Junggesellenwochenende suchen, die Anreise nach Krakau ist einfach und stressfrei.&nbsp;<\/p>\n\n\n\n<h1 class=\"wp-block-heading\">Fliegen nach Krakau<\/h1>\n\n\n\n<p>Der schnellste und direkteste Weg nach Krakau f\u00fchrt \u00fcber den Luftweg. <strong>Internationaler Flughafen Krakau Johannes Paul II (KRK)<\/strong> bietet hervorragende Verbindungen zu vielen wichtigen europ\u00e4ischen St\u00e4dten, darunter London.&nbsp;<\/p>\n\n\n\n<p><\/p>\n\n\n\n<figure class=\"wp-block-image size-large is-resized\"><img decoding=\"async\" src=\"https:\/\/stagdokrakow.com\/wp-content\/uploads\/tourist-1024x683.webp\" alt=\"R\u00fcckenansicht der Reisenden Frau zu Fu\u00df auf dem alten Marktplatz in Krakau h\u00e4lt touristischen Karte. Reisen und aktiver Lebensstil Konzept. Hohe Qualit\u00e4t Foto\" class=\"wp-image-1008\" style=\"width:1450px;height:auto\"\/><figcaption class=\"wp-element-caption\">Ein Tourist geht auf dem alten Marktplatz in Krakau spazieren und h\u00e4lt eine Karte in der Hand.<\/figcaption><\/figure>\n\n\n\n<p>Verschiedene Fluggesellschaften, von Billigfluglinien wie Ryanair und easyJet bis hin zu Vollservice-Fluggesellschaften wie British Airways, bieten Fl\u00fcge von London nach Krakau an.<\/p>\n\n\n\n<p>Bei der Landung, <a href=\"https:\/\/stagdokrakow.com\/de\/uberweisungen\/\">Wir k\u00f6nnen die Abholung vom Flughafen organisieren <\/a>und den Transport zu Ihrer Unterkunft.<\/p>\n\n\n\n<h1 class=\"wp-block-heading\">Machen Sie eine malerische Zugfahrt<\/h1>\n\n\n\n<p>Eine reizvolle und malerische Art, Krakau zu erreichen, ist die Fahrt mit dem Zug. Die Reise bietet <strong>einen Einblick in die sch\u00f6nen Landschaften Europas <\/strong>und verbindet Sie direkt mit dem Bahnhof von Krakau, einem Knotenpunkt mit Verbindungen zu verschiedenen polnischen und europ\u00e4ischen St\u00e4dten.<\/p>\n\n\n\n<p>Wir k\u00f6nnen Sie bei Ihrer Ankunft am Bahnhof von Krakau abholen und Sie direkt zu Ihrer Unterkunft begleiten. So ist ein reibungsloser \u00dcbergang von der ruhigen Zugfahrt in die pulsierende Atmosph\u00e4re Krakaus gew\u00e4hrleistet und der perfekte Rahmen f\u00fcr ein unvergessliches Junggesellenwochenende geschaffen.<\/p>\n\n\n\n<h1 class=\"wp-block-heading\">Krakau erkunden<\/h1>\n\n\n\n<p>Wenn Sie in Krakau sind, haben Sie mehrere M\u00f6glichkeiten, sich in der Stadt zurechtzufinden. Sie k\u00f6nnen ein Auto mieten, ein Taxi nehmen oder die \u00f6ffentlichen Verkehrsmittel benutzen. F\u00fcr ein sorgenfreies Erlebnis sollten Sie unseren Transferservice in Anspruch nehmen.<\/p>\n\n\n\n<figure class=\"wp-block-image size-large\"><img decoding=\"async\" src=\"https:\/\/stagdokrakow.com\/wp-content\/uploads\/wawel-castle-in-krakow-poland-1024x589.webp\" alt=\"Schloss Wawel in Krakau, Polen\" class=\"wp-image-1009\"\/><figcaption class=\"wp-element-caption\">Schloss Wawel in Krakau, Polen<\/figcaption><\/figure>\n\n\n\n<p>Zusammenfassend l\u00e4sst sich sagen, dass Krakau einfach zu erreichen ist und Folgendes bietet <strong>eine Reihe von Reiseoptionen, die Ihren W\u00fcnschen entsprechen <\/strong>und Budget. Egal, ob Sie mit dem Flugzeug oder mit dem Zug anreisen, Sie werden in der Lage sein, ein unvergessliches Wochenende in dieser lebendigen Stadt zu verbringen.<\/p>","protected":false},"excerpt":{"rendered":"<p>Krakau, ein beliebtes Ziel f\u00fcr Reisende, ist mit seiner historischen Architektur, seinem dynamischen Nachtleben und seinen atemberaubenden Aussichten unbestreitbar attraktiv. Ob Sie einen ruhigen R\u00fcckzugsort oder ein lebhaftes Junggesellenwochenende suchen, die Anreise nach Krakau ist einfach und stressfrei.  Der schnellste und direkteste Weg nach Krakau ist mit dem Flugzeug. Internationaler Flughafen Krakau Johannes Paul II ... <a href=\"https:\/\/stagdokrakow.com\/de\/wie-man-nach-krakau-kommt\/\">Fortsetzung<\/a><\/p>","protected":false},"author":38,"featured_media":1013,"parent":0,"menu_order":0,"comment_status":"closed","ping_status":"closed","template":"","meta":{"_acf_changed":false,"footnotes":""},"class_list":["post-614","page","type-page","status-publish","has-post-thumbnail","hentry"],"acf":{"page_subheading":"Uncover the best routes to Krakow's vibrant party scene for your stag celebration. Choose between flying into Krakow or taking a scenic train ride to start your journey."},"_links":{"self":[{"href":"https:\/\/stagdokrakow.com\/de\/wp-json\/wp\/v2\/pages\/614","targetHints":{"allow":["GET"]}}],"collection":[{"href":"https:\/\/stagdokrakow.com\/de\/wp-json\/wp\/v2\/pages"}],"about":[{"href":"https:\/\/stagdokrakow.com\/de\/wp-json\/wp\/v2\/types\/page"}],"author":[{"embeddable":true,"href":"https:\/\/stagdokrakow.com\/de\/wp-json\/wp\/v2\/users\/38"}],"replies":[{"embeddable":true,"href":"https:\/\/stagdokrakow.com\/de\/wp-json\/wp\/v2\/comments?post=614"}],"version-history":[{"count":6,"href":"https:\/\/stagdokrakow.com\/de\/wp-json\/wp\/v2\/pages\/614\/revisions"}],"predecessor-version":[{"id":1010,"href":"https:\/\/stagdokrakow.com\/de\/wp-json\/wp\/v2\/pages\/614\/revisions\/1010"}],"wp:featuredmedia":[{"embeddable":true,"href":"https:\/\/stagdokrakow.com\/de\/wp-json\/wp\/v2\/media\/1013"}],"wp:attachment":[{"href":"https:\/\/stagdokrakow.com\/de\/wp-json\/wp\/v2\/media?parent=614"}],"curies":[{"name":"wp","href":"https:\/\/api.w.org\/{rel}","templated":true}]}}